{"id":2078,"date":"2021-06-07T11:14:56","date_gmt":"2021-06-07T11:14:56","guid":{"rendered":"https:\/\/balam.es\/?page_id=2078"},"modified":"2021-08-05T11:02:25","modified_gmt":"2021-08-05T11:02:25","slug":"api","status":"publish","type":"page","link":"https:\/\/balam.es\/pt\/api\/","title":{"rendered":"API"},"content":{"rendered":"<p>[et_pb_section fb_built=&#8221;1&#8243; _builder_version=&#8221;4.9.4&#8243; _module_preset=&#8221;default&#8221; custom_padding=&#8221;19px|||||&#8221; da_disable_devices=&#8221;off|off|off&#8221; da_is_popup=&#8221;off&#8221; da_exit_intent=&#8221;off&#8221; da_has_close=&#8221;on&#8221; da_alt_close=&#8221;off&#8221; da_dark_close=&#8221;off&#8221; da_not_modal=&#8221;on&#8221; da_is_singular=&#8221;off&#8221; da_with_loader=&#8221;off&#8221; da_has_shadow=&#8221;on&#8221;][et_pb_row _builder_version=&#8221;4.9.4&#8243; _module_preset=&#8221;default&#8221; custom_margin=&#8221;-16px|auto||auto||&#8221; custom_padding=&#8221;10px||16px|||&#8221; locked=&#8221;off&#8221;][et_pb_column type=&#8221;4_4&#8243; _builder_version=&#8221;4.9.4&#8243; _module_preset=&#8221;default&#8221;][dsm_breadcrumbs home_text=&#8221;balam.es&#8221; home_icon=&#8221;%%33%%&#8221; separator_icon=&#8221;%%36%%&#8221; align=&#8221;center&#8221; items_bg_color=&#8221;#FFFFFF&#8221; _builder_version=&#8221;4.9.4&#8243; _module_preset=&#8221;default&#8221; items_text_color=&#8221;#000000&#8243;][\/dsm_breadcrumbs][\/et_pb_column][\/et_pb_row][et_pb_row _builder_version=&#8221;4.9.7&#8243; _module_preset=&#8221;default&#8221; custom_padding=&#8221;||10px|||&#8221;][et_pb_column type=&#8221;4_4&#8243; _builder_version=&#8221;4.9.7&#8243; _module_preset=&#8221;default&#8221;][et_pb_blurb title=&#8221;ASOCIACI\u00d3N DE PRODUCCI\u00d3N INTEGRADA&#8221; content_max_width=&#8221;1100px&#8221; _builder_version=&#8221;4.9.7&#8243; _module_preset=&#8221;default&#8221; header_level=&#8221;h1&#8243; header_font=&#8221;|700||on|||||&#8221; header_text_align=&#8221;center&#8221; header_text_color=&#8221;#6c8920&#8243; header_font_size=&#8221;40px&#8221; body_text_color=&#8221;#000000&#8243; body_font_size=&#8221;16px&#8221; locked=&#8221;off&#8221;][\/et_pb_blurb][et_pb_blurb content_max_width=&#8221;1100px&#8221; _builder_version=&#8221;4.9.10&#8243; _module_preset=&#8221;default&#8221; header_level=&#8221;h1&#8243; header_font=&#8221;|700|||||||&#8221; header_text_align=&#8221;center&#8221; header_text_color=&#8221;#749320&#8243; body_text_color=&#8221;#000000&#8243; body_font_size=&#8221;16px&#8221;]<\/p>\n<p><span style=\"font-weight: 400;\">La Producci\u00f3n Integrada (PI) se basa en el uso racional y sostenible de los recursos necesarios para lograr una agricultura respetuosa con el medio ambiente y productos de calidad.<\/span><\/p>\n<p><span style=\"font-weight: 400;\">Algunas de las operaciones agroambientales definidas en el Programa de Desarrollo Rural (PDR) requieren que la superficie objeto de ayuda est\u00e9 certificada bajo Producci\u00f3n Integrada y adem\u00e1s, forme parte de una Agrupaci\u00f3n de Producci\u00f3n Integrada.<\/span><\/p>\n<p>[\/et_pb_blurb][\/et_pb_column][\/et_pb_row][et_pb_row _builder_version=&#8221;4.9.7&#8243; _module_preset=&#8221;default&#8221; background_color=&#8221;#000000&#8243; background_enable_color=&#8221;off&#8221; custom_margin=&#8221;||29px||false|false&#8221; custom_padding=&#8221;13px|18px|13px|18px|true|true&#8221; global_module=&#8221;2260&#8243; saved_tabs=&#8221;all&#8221;][et_pb_column type=&#8221;4_4&#8243; _builder_version=&#8221;4.9.5&#8243; _module_preset=&#8221;default&#8221;][et_pb_button button_url=&#8221;#lead&#8221; button_text=&#8221;CONT\u00c1CTANOS&#8221; button_alignment=&#8221;center&#8221; _builder_version=&#8221;4.9.7&#8243; _module_preset=&#8221;default&#8221; custom_button=&#8221;on&#8221; button_text_size=&#8221;17px&#8221; button_text_color=&#8221;#FFFFFF&#8221; button_bg_color=&#8221;#000000&#8243; button_border_width=&#8221;0px&#8221; button_border_radius=&#8221;0px&#8221; button_use_icon=&#8221;off&#8221; custom_padding=&#8221;20px|58px|20px|58px|true|false&#8221; animation_style=&#8221;bounce&#8221;][\/et_pb_button][\/et_pb_column][\/et_pb_row][et_pb_row _builder_version=&#8221;4.9.7&#8243; _module_preset=&#8221;default&#8221; custom_padding=&#8221;0px|||||&#8221;][et_pb_column type=&#8221;4_4&#8243; _builder_version=&#8221;4.9.7&#8243; _module_preset=&#8221;default&#8221;][et_pb_text _builder_version=&#8221;4.9.10&#8243; _module_preset=&#8221;default&#8221; text_text_color=&#8221;#000000&#8243; text_font_size=&#8221;16px&#8221; custom_margin=&#8221;-14px|||||&#8221;]<\/p>\n<p><span style=\"font-weight: 400;\">Desde Balam mantenemos un compromiso continuo con la excelencia, saber hacer y calidad de trabajo. Nuestro personal realiza peri\u00f3dicamente un <\/span><b>seguimiento exhaustivo de la plantaci\u00f3n<\/b><span style=\"font-weight: 400;\">, con el fin de conocer y supervisar la evoluci\u00f3n de los cultivos, nuestro equipo de campo realiza visitas peri\u00f3dicas a las fincas para recoger muestras de plagas y enfermedades, y analizar as\u00ed el estado del cultivo.Ah\u00ed radica el \u00e9xito de Balam API.<\/span><\/p>\n<p><span style=\"font-weight: 400;\">Con este seguimiento, podremos obtener una agricultura rentable y sostenible con el Medio Ambiente, adaptada a las nuevas normativas europeas.<\/span><\/p>\n<p>[\/et_pb_text][\/et_pb_column][\/et_pb_row][et_pb_row column_structure=&#8221;1_2,1_2&#8243; make_equal=&#8221;on&#8221; _builder_version=&#8221;4.9.7&#8243; _module_preset=&#8221;default&#8221;][et_pb_column type=&#8221;1_2&#8243; _builder_version=&#8221;4.9.4&#8243; _module_preset=&#8221;default&#8221;][et_pb_blurb title=&#8221;API OLIVAR&#8221; _builder_version=&#8221;4.9.7&#8243; _module_preset=&#8221;default&#8221; header_font=&#8221;|700|||||||&#8221; header_text_align=&#8221;center&#8221; header_text_color=&#8221;#FFFFFF&#8221; header_font_size=&#8221;36px&#8221; body_text_align=&#8221;justify&#8221; body_text_color=&#8221;#FFFFFF&#8221; background_color=&#8221;#749320&#8243; background_image=&#8221;https:\/\/balam.es\/pt\/wp-content\/uploads\/2021\/05\/Nitrato_de_potasio.jpg&#8221; background_blend=&#8221;multiply&#8221; custom_padding=&#8221;112px|36px|112px|36px|true|true&#8221; box_shadow_style=&#8221;preset3&#8243;]<\/p>\n<p><span style=\"font-weight: 400;\">Establecida en 2012, es a d\u00eda de hoy, con m\u00e1s de 20.000 hect\u00e1reas, la API m\u00e1s importante y extensa de toda Andaluc\u00eda y Extremadura.<\/span><\/p>\n<p>[\/et_pb_blurb][\/et_pb_column][et_pb_column type=&#8221;1_2&#8243; _builder_version=&#8221;4.9.4&#8243; _module_preset=&#8221;default&#8221;][et_pb_blurb title=&#8221;API ALMENDRO&#8221; _builder_version=&#8221;4.9.7&#8243; _module_preset=&#8221;default&#8221; header_font=&#8221;|700|||||||&#8221; header_text_align=&#8221;center&#8221; header_text_color=&#8221;#FFFFFF&#8221; header_font_size=&#8221;36px&#8221; body_text_align=&#8221;justify&#8221; body_text_color=&#8221;#FFFFFF&#8221; background_color=&#8221;#749320&#8243; background_image=&#8221;https:\/\/balam.es\/pt\/wp-content\/uploads\/2021\/05\/almonds-989529_960_720.jpg&#8221; background_blend=&#8221;multiply&#8221; custom_padding=&#8221;112px|36px|112px|36px|true|true&#8221; box_shadow_style=&#8221;preset3&#8243;]<\/p>\n<p><span style=\"font-weight: 400;\">Establecida a finales de 2017, cuenta con m\u00e1s de 5.000 hect\u00e1reas de superficie repartidas por Andaluc\u00eda y Extremadura.<\/span><\/p>\n<p>[\/et_pb_blurb][\/et_pb_column][\/et_pb_row][\/et_pb_section][et_pb_section fb_built=&#8221;1&#8243; _builder_version=&#8221;4.9.7&#8243; _module_preset=&#8221;default&#8221; background_color=&#8221;rgba(0,0,0,0.57)&#8221; background_image=&#8221;https:\/\/balam.es\/pt\/wp-content\/uploads\/2021\/05\/David-Lees-Corbis.jpg&#8221; background_blend=&#8221;multiply&#8221; da_disable_devices=&#8221;off|off|off&#8221; da_is_popup=&#8221;off&#8221; da_exit_intent=&#8221;off&#8221; da_has_close=&#8221;on&#8221; da_alt_close=&#8221;off&#8221; da_dark_close=&#8221;off&#8221; da_not_modal=&#8221;on&#8221; da_is_singular=&#8221;off&#8221; da_with_loader=&#8221;off&#8221; da_has_shadow=&#8221;on&#8221;][et_pb_row column_structure=&#8221;1_2,1_2&#8243; _builder_version=&#8221;4.9.7&#8243; _module_preset=&#8221;default&#8221;][et_pb_column type=&#8221;1_2&#8243; _builder_version=&#8221;4.9.7&#8243; _module_preset=&#8221;default&#8221;][et_pb_text _builder_version=&#8221;4.9.10&#8243; _module_preset=&#8221;default&#8221; text_text_color=&#8221;#FFFFFF&#8221; hover_enabled=&#8221;0&#8243; sticky_enabled=&#8221;0&#8243;]<\/p>\n<h3><span style=\"color: #ffffff;\"><b>\u00bfQu\u00e9 ventajas tiene formar parte de nuestra API?<\/b><\/span><\/h3>\n<p><span style=\"font-weight: 400;\">No podemos dejar atr\u00e1s las<\/span><b> ventajas <\/b><span style=\"font-weight: 400;\">que tiene nuestra API. <\/span><b>Balam API<\/b><span style=\"font-weight: 400;\"> presta un servicio de <\/span><b>asesoramiento altamente personalizado<\/b><span style=\"font-weight: 400;\"> y fundamentado en los criterios de producci\u00f3n integrada:<\/span><\/p>\n<p>&nbsp;<\/p>\n<ul>\n<li style=\"font-weight: 400;\" aria-level=\"1\"><span style=\"font-weight: 400;\">Seguimiento plagas y enfermedades<\/span><\/li>\n<li style=\"font-weight: 400;\" aria-level=\"1\"><span style=\"font-weight: 400;\">Regulaci\u00f3n y calibraci\u00f3n de equipos<\/span><\/li>\n<li style=\"font-weight: 400;\" aria-level=\"1\"><span style=\"font-weight: 400;\">Cuadernos de explotaci\u00f3n<\/span><\/li>\n<li style=\"font-weight: 400;\" aria-level=\"1\"><span style=\"font-weight: 400;\">Gesti\u00f3n y tramitaci\u00f3n de documentaci\u00f3n<\/span><\/li>\n<li style=\"font-weight: 400;\" aria-level=\"1\"><span style=\"font-weight: 400;\">Acompa\u00f1amiento a inspecciones de condicionalidad y agroambientales<\/span><\/li>\n<\/ul>\n<p>[\/et_pb_text][\/et_pb_column][et_pb_column type=&#8221;1_2&#8243; _builder_version=&#8221;4.9.7&#8243; _module_preset=&#8221;default&#8221;][et_pb_image src=&#8221;https:\/\/balam.es\/pt\/wp-content\/uploads\/2021\/05\/David-Lees-Corbis.jpg&#8221; title_text=&#8221;David-Lees-Corbis&#8221; _builder_version=&#8221;4.9.7&#8243; _module_preset=&#8221;default&#8221;][\/et_pb_image][\/et_pb_column][\/et_pb_row][\/et_pb_section][et_pb_section fb_built=&#8221;1&#8243; _builder_version=&#8221;4.9.7&#8243; _module_preset=&#8221;default&#8221; background_enable_color=&#8221;off&#8221; da_disable_devices=&#8221;off|off|off&#8221; da_is_popup=&#8221;off&#8221; da_exit_intent=&#8221;off&#8221; da_has_close=&#8221;on&#8221; da_alt_close=&#8221;off&#8221; da_dark_close=&#8221;off&#8221; da_not_modal=&#8221;on&#8221; da_is_singular=&#8221;off&#8221; da_with_loader=&#8221;off&#8221; da_has_shadow=&#8221;on&#8221;][et_pb_row _builder_version=&#8221;4.9.7&#8243; _module_preset=&#8221;default&#8221;][et_pb_column type=&#8221;4_4&#8243; _builder_version=&#8221;4.9.7&#8243; _module_preset=&#8221;default&#8221;][et_pb_text _builder_version=&#8221;4.9.7&#8243; _module_preset=&#8221;default&#8221; header_3_font=&#8221;|||on|||||&#8221; header_3_font_size=&#8221;28px&#8221;]<\/p>\n<h3 style=\"text-align: center;\"><b>\u00bfQu\u00e9 servicios se ofrecen desde Balam API?<\/b><\/h3>\n<p>[\/et_pb_text][\/et_pb_column][\/et_pb_row][et_pb_row _builder_version=&#8221;4.9.7&#8243; _module_preset=&#8221;default&#8221; locked=&#8221;off&#8221;][et_pb_column type=&#8221;4_4&#8243; _builder_version=&#8221;4.9.7&#8243; _module_preset=&#8221;default&#8221;][dipl_timeline select_timeline_layout_option=&#8221;dipl_timeline_right&#8221; _builder_version=&#8221;4.9.10&#8243; _module_preset=&#8221;default&#8221; hover_enabled=&#8221;0&#8243; border_color_all=&#8221;#749320&#8243; sticky_enabled=&#8221;0&#8243;][dipl_timeline_item timeline_title=&#8221;Elaboraci\u00f3n del cuaderno de explotaci\u00f3n&#8221; _builder_version=&#8221;4.9.7&#8243; _module_preset=&#8221;default&#8221; global_timeline_header_font=&#8221;|700|||||||&#8221; global_timeline_header_text_color=&#8221;#000000&#8243; global_timeline_header_font_size=&#8221;28px&#8221; global_timeline_text_text_align=&#8221;justify&#8221; global_timeline_text_text_color=&#8221;#000000&#8243; background_color=&#8221;#FFFFFF&#8221; background_enable_color=&#8221;on&#8221; border_width_all=&#8221;1px&#8221; border_color_all=&#8221;#749320&#8243;]<\/p>\n<p><span style=\"font-weight: 400;\"><span>En el Real Decreto 1311\/2012, cada explotaci\u00f3n agraria deber\u00e1 mantener actualizado un\u00a0<\/span><span>registro de tratamientos fitosanitarios denominado \u201ccuaderno de explotaci\u00f3n\u201d en el que se\u00a0<\/span><span>anotar\u00e1n todos los tratamientos fitosanitarios realizados. En Balam API nos encargamos\u00a0<\/span><span>de la realizaci\u00f3n completa de su cuaderno de forma anual en formato inform\u00e1tico a trav\u00e9s del\u00a0<\/span><span>programa TRIANA.<\/span><\/span><\/p>\n<p>[\/dipl_timeline_item][dipl_timeline_item timeline_title=&#8221;Conocimiento del estado fenol\u00f3gico del cultivo&#8221; _builder_version=&#8221;4.9.7&#8243; _module_preset=&#8221;default&#8221; global_timeline_header_font=&#8221;|700|||||||&#8221; global_timeline_header_text_color=&#8221;#000000&#8243; global_timeline_header_font_size=&#8221;28px&#8221; global_timeline_text_text_align=&#8221;justify&#8221; global_timeline_text_text_color=&#8221;#000000&#8243; background_color=&#8221;#FFFFFF&#8221; background_enable_color=&#8221;on&#8221; border_width_all=&#8221;1px&#8221; border_color_all=&#8221;#749320&#8243; global_colors_info=&#8221;{}&#8221;]<span>La mayor utilidad y aplicaci\u00f3n pr\u00e1ctica del conocimiento fenol\u00f3gico para el t\u00e9cnico, estriba en que dichos estados le dan un conocimiento exacto del momento en el que debe realizar determinadas operaciones en el cultivo, como estrategias de riego o tratamientos fitosanitarios, ya que la mayor\u00eda de las plagas y enfermedades tienen unos momentos cr\u00edticos en los que son m\u00e1s vulnerables. Estos momentos coinciden con determinados estados fenol\u00f3gicos.<\/span><\/p>\n<p><span>Tambi\u00e9n es importante tener una referencia com\u00fan de estos estados para examinar la biolog\u00eda de cada una de las variedades de tal forma que permita su comparaci\u00f3n bajo los mismos par\u00e1metros, obteniendo datos de referencia para su caracterizaci\u00f3n y explotaci\u00f3n.<\/span>[\/dipl_timeline_item][dipl_timeline_item timeline_title=&#8221;Seguimiento semanal de plagas y enfermedades y asesoramiento en el cultivo&#8221; _builder_version=&#8221;4.9.7&#8243; _module_preset=&#8221;default&#8221; global_timeline_header_font=&#8221;|700|||||||&#8221; global_timeline_header_text_color=&#8221;#000000&#8243; global_timeline_header_font_size=&#8221;28px&#8221; global_timeline_text_text_align=&#8221;justify&#8221; global_timeline_text_text_color=&#8221;#000000&#8243; background_color=&#8221;#FFFFFF&#8221; background_enable_color=&#8221;on&#8221; border_width_all=&#8221;1px&#8221; border_color_all=&#8221;#749320&#8243; global_colors_info=&#8221;{}&#8221;]<span style=\"font-weight: 400;\"><span>Desde Balam API realizamos visitas peri\u00f3dicas para el muestreo de agentes nocivos para el desarrollo de los cultivos. Los socios conocen constantemente el estado fitosanitario de sus parcelas, as\u00ed como los umbrales de tratamientos para adoptar las medidas necesarias en el momento justo y mantener su cultivo en un buen estado fitosanitario.<\/span><\/span>[\/dipl_timeline_item][dipl_timeline_item timeline_title=&#8221;Realizaci\u00f3n de anal\u00edtica de agua, suelo y foliar&#8221; _builder_version=&#8221;4.9.10&#8243; _module_preset=&#8221;default&#8221; global_timeline_header_font=&#8221;|700|||||||&#8221; global_timeline_header_text_color=&#8221;#000000&#8243; global_timeline_header_font_size=&#8221;28px&#8221; global_timeline_text_text_align=&#8221;justify&#8221; global_timeline_text_text_color=&#8221;#000000&#8243; background_color=&#8221;#FFFFFF&#8221; background_enable_color=&#8221;on&#8221; hover_enabled=&#8221;0&#8243; border_width_all=&#8221;1px&#8221; border_color_all=&#8221;#749320&#8243; global_colors_info=&#8221;{}&#8221; sticky_enabled=&#8221;0&#8243;]<\/p>\n<p><span style=\"font-weight: 400;\"><span>Dichas anal\u00edticas se realizan de forma peri\u00f3dica y son una fuente de informaci\u00f3n muy valiosa para conocer el estado nutricional del cultivo y la realizaci\u00f3n de planes de abonado o riego.<\/span><\/span><\/p>\n<p>[\/dipl_timeline_item][dipl_timeline_item timeline_title=&#8221;Informes t\u00e9cnicos de las fincas&#8221; _builder_version=&#8221;4.9.7&#8243; _module_preset=&#8221;default&#8221; global_timeline_header_font=&#8221;|700|||||||&#8221; global_timeline_header_text_color=&#8221;#000000&#8243; global_timeline_header_font_size=&#8221;28px&#8221; global_timeline_text_text_align=&#8221;justify&#8221; global_timeline_text_text_color=&#8221;#000000&#8243; background_color=&#8221;#FFFFFF&#8221; background_enable_color=&#8221;on&#8221; border_width_all=&#8221;1px&#8221; global_colors_info=&#8221;{}&#8221;]<\/p>\n<p><span style=\"font-weight: 400;\"><span>Se realizan los informes t\u00e9cnicos pertinentes para cualquier alegaci\u00f3n a SIGPAC o CATASTRO, as\u00ed como escritos de resoluciones t\u00e9cnicas para los distintos organismos p\u00fablicos.<\/span><\/span><\/p>\n<p>[\/dipl_timeline_item][dipl_timeline_item timeline_title=&#8221;Gesti\u00f3n de subvenciones agroambientales en olivar y almendro&#8221; _builder_version=&#8221;4.9.7&#8243; _module_preset=&#8221;default&#8221; global_timeline_header_font=&#8221;|700|||||||&#8221; global_timeline_header_text_color=&#8221;#000000&#8243; global_timeline_header_font_size=&#8221;28px&#8221; global_timeline_text_text_align=&#8221;justify&#8221; global_timeline_text_text_color=&#8221;#000000&#8243; background_color=&#8221;#FFFFFF&#8221; background_enable_color=&#8221;on&#8221; border_width_all=&#8221;1px&#8221; global_colors_info=&#8221;{}&#8221;]<\/p>\n<p><span style=\"font-weight: 400;\"><span>Gestionamos la certificaci\u00f3n y comunicaci\u00f3n de los compromisos adquiridos de los socios acogidos a las ayudas 10.1.6 y 10.1.7; sistemas sostenibles de cultivos le\u00f1osos y olivar.<\/span><\/span><\/p>\n<p>[\/dipl_timeline_item][\/dipl_timeline][\/et_pb_column][\/et_pb_row][\/et_pb_section]<\/p>\n","protected":false},"excerpt":{"rendered":"<p><div class=\"et_pb_module dsm_breadcrumbs dsm_breadcrumbs_0\">\n\t\t\t\t\n\t\t\t\t\n\t\t\t\t\n\t\t\t\t\n\t\t\t\t<div class=\"et_pb_module_inner\">\n\t\t\t\t\t<nav class=\"dsm_breadcrumbs_wrap\" role=\"navigation\" itemscope=\"\" itemtype=\"http:\/\/schema.org\/SiteNavigationElement\">\n\t\t\t\t<ul class=\"dsm_breadcrumbs\">\n\t\t\t<li class='dsm_breadcrumbs_item dsm_home_item dsm_home_item_custom'>\n\t\t\t\t<a href=\"https:\/\/balam.es\/pt\" itemprop=\"url\">\n\t\t\t\t\t<span class='dsm_home_text_wrapper'>\n\t\t\t\t\t\t\t\t\t\t\t\t\t<span class=\"et-pb-icon dsm_home_icon\">&#x42;<\/span>\n\t\t\t\t\t\t\t\t\t\t\t\t\t<span class=\"dsm_home_text\" itemprop=\"name\">\n\t\t\t\t\t\t\t\tbalam.es\t\t\t\t\t\t\t<\/span>\n\t\t\t\t\t<\/span>\n\t\t\t\t<\/a>\n\t\t\t<\/li>\n\n\t\t<\/ul>\n\t\t\t<\/nav>\n\t\t\t\t<\/div>\n\t\t\t<\/div>La Producci\u00f3n Integrada (PI) se basa en el uso racional y sostenible de los recursos necesarios para lograr una agricultura respetuosa con el medio ambiente y productos de calidad. Algunas de las operaciones agroambientales definidas en el Programa de Desarrollo Rural (PDR) requieren que la superficie objeto [&hellip;]<\/p>\n","protected":false},"author":1,"featured_media":0,"parent":0,"menu_order":0,"comment_status":"closed","ping_status":"closed","template":"","meta":{"_et_pb_use_builder":"on","_et_pb_old_content":"","_et_gb_content_width":"","footnotes":""},"class_list":["post-2078","page","type-page","status-publish","hentry"],"aioseo_notices":[],"_links":{"self":[{"href":"https:\/\/balam.es\/pt\/wp-json\/wp\/v2\/pages\/2078","targetHints":{"allow":["GET"]}}],"collection":[{"href":"https:\/\/balam.es\/pt\/wp-json\/wp\/v2\/pages"}],"about":[{"href":"https:\/\/balam.es\/pt\/wp-json\/wp\/v2\/types\/page"}],"author":[{"embeddable":true,"href":"https:\/\/balam.es\/pt\/wp-json\/wp\/v2\/users\/1"}],"replies":[{"embeddable":true,"href":"https:\/\/balam.es\/pt\/wp-json\/wp\/v2\/comments?post=2078"}],"version-history":[{"count":0,"href":"https:\/\/balam.es\/pt\/wp-json\/wp\/v2\/pages\/2078\/revisions"}],"wp:attachment":[{"href":"https:\/\/balam.es\/pt\/wp-json\/wp\/v2\/media?parent=2078"}],"curies":[{"name":"wp","href":"https:\/\/api.w.org\/{rel}","templated":true}]}}