{"id":2039,"date":"2021-06-07T10:42:02","date_gmt":"2021-06-07T10:42:02","guid":{"rendered":"https:\/\/balam.es\/?page_id=2039"},"modified":"2022-02-17T11:08:27","modified_gmt":"2022-02-17T11:08:27","slug":"crops","status":"publish","type":"page","link":"https:\/\/balam.es\/pt\/crops\/","title":{"rendered":"Crops"},"content":{"rendered":"<p>[et_pb_section fb_built=&#8221;1&#8243; _builder_version=&#8221;4.9.7&#8243; _module_preset=&#8221;default&#8221; da_disable_devices=&#8221;off|off|off&#8221; global_colors_info=&#8221;{}&#8221; da_is_popup=&#8221;off&#8221; da_exit_intent=&#8221;off&#8221; da_has_close=&#8221;on&#8221; da_alt_close=&#8221;off&#8221; da_dark_close=&#8221;off&#8221; da_not_modal=&#8221;on&#8221; da_is_singular=&#8221;off&#8221; da_with_loader=&#8221;off&#8221; da_has_shadow=&#8221;on&#8221;][et_pb_row _builder_version=&#8221;4.9.4&#8243; _module_preset=&#8221;default&#8221; custom_margin=&#8221;-16px|auto||auto||&#8221; custom_padding=&#8221;10px||16px|||&#8221; locked=&#8221;off&#8221; global_colors_info=&#8221;{}&#8221;][et_pb_column type=&#8221;4_4&#8243; _builder_version=&#8221;4.9.4&#8243; _module_preset=&#8221;default&#8221; global_colors_info=&#8221;{}&#8221;][dsm_breadcrumbs home_text=&#8221;balam.es&#8221; align=&#8221;center&#8221; items_bg_color=&#8221;#FFFFFF&#8221; _builder_version=&#8221;4.9.4&#8243; _module_preset=&#8221;default&#8221; items_text_color=&#8221;#000000&#8243; global_colors_info=&#8221;{}&#8221;][\/dsm_breadcrumbs][\/et_pb_column][\/et_pb_row][et_pb_row _builder_version=&#8221;4.9.7&#8243; _module_preset=&#8221;default&#8221; global_colors_info=&#8221;{}&#8221;][et_pb_column type=&#8221;4_4&#8243; _builder_version=&#8221;4.9.7&#8243; _module_preset=&#8221;default&#8221; global_colors_info=&#8221;{}&#8221;][et_pb_blurb title=&#8221;Asesoramiento T\u00e9cnico Agr\u00edcola&#8221; content_max_width=&#8221;1100px&#8221; _builder_version=&#8221;4.13.0&#8243; _module_preset=&#8221;default&#8221; header_level=&#8221;h1&#8243; header_font=&#8221;|700||on|||||&#8221; header_text_align=&#8221;center&#8221; header_text_color=&#8221;#fdd552&#8243; header_font_size=&#8221;40px&#8221; body_text_color=&#8221;#000000&#8243; body_font_size=&#8221;16px&#8221; global_colors_info=&#8221;{}&#8221;][\/et_pb_blurb][et_pb_blurb content_max_width=&#8221;1100px&#8221; _builder_version=&#8221;4.13.0&#8243; _module_preset=&#8221;default&#8221; header_level=&#8221;h1&#8243; header_font=&#8221;|700||on|||||&#8221; header_text_align=&#8221;center&#8221; header_text_color=&#8221;#fdd552&#8243; header_font_size=&#8221;40px&#8221; body_text_color=&#8221;#000000&#8243; body_font_size=&#8221;16px&#8221; global_colors_info=&#8221;{}&#8221;]<\/p>\n<p><span style=\"font-weight: 400;\">En Balam contamos con el personal t\u00e9cnico adecuado para prestar un servicio integral de asesoramiento agr\u00edcola.\u00a0 Nuestra filosof\u00eda de trabajo est\u00e1 presidida por el principio \u201cagricultura moderna y rentable\u201d.<\/span><\/p>\n<p>[\/et_pb_blurb][\/et_pb_column][\/et_pb_row][et_pb_row _builder_version=&#8221;4.9.7&#8243; _module_preset=&#8221;default&#8221; background_color=&#8221;#000000&#8243; background_enable_color=&#8221;off&#8221; custom_margin=&#8221;||29px||false|false&#8221; custom_padding=&#8221;13px|18px|13px|18px|true|true&#8221; global_module=&#8221;2260&#8243; saved_tabs=&#8221;all&#8221; global_colors_info=&#8221;{}&#8221;][et_pb_column type=&#8221;4_4&#8243; _builder_version=&#8221;4.9.5&#8243; _module_preset=&#8221;default&#8221; global_colors_info=&#8221;{}&#8221;][et_pb_button button_url=&#8221;#lead&#8221; button_text=&#8221;CONT\u00c1CTANOS&#8221; button_alignment=&#8221;center&#8221; _builder_version=&#8221;4.9.7&#8243; _module_preset=&#8221;default&#8221; custom_button=&#8221;on&#8221; button_text_size=&#8221;17px&#8221; button_text_color=&#8221;#FFFFFF&#8221; button_bg_color=&#8221;#000000&#8243; button_border_width=&#8221;0px&#8221; button_border_radius=&#8221;0px&#8221; button_use_icon=&#8221;off&#8221; custom_padding=&#8221;20px|58px|20px|58px|true|false&#8221; animation_style=&#8221;bounce&#8221; global_colors_info=&#8221;{}&#8221;][\/et_pb_button][\/et_pb_column][\/et_pb_row][et_pb_row column_structure=&#8221;1_2,1_2&#8243; _builder_version=&#8221;4.9.7&#8243; _module_preset=&#8221;default&#8221; global_colors_info=&#8221;{}&#8221;][et_pb_column type=&#8221;1_2&#8243; _builder_version=&#8221;4.9.7&#8243; _module_preset=&#8221;default&#8221; global_colors_info=&#8221;{}&#8221;][et_pb_number_counter title=&#8221;T\u00e9cnicos Agr\u00edcolas&#8221; number=&#8221;+40&#8243; percent_sign=&#8221;off&#8221; _builder_version=&#8221;4.9.7&#8243; _module_preset=&#8221;default&#8221; title_font=&#8221;|700|||||||&#8221; title_text_color=&#8221;#000000&#8243; title_font_size=&#8221;22px&#8221; number_font=&#8221;|700|||||||&#8221; number_text_color=&#8221;#fdd552&#8243; locked=&#8221;off&#8221; global_colors_info=&#8221;{}&#8221;][\/et_pb_number_counter][\/et_pb_column][et_pb_column type=&#8221;1_2&#8243; _builder_version=&#8221;4.9.7&#8243; _module_preset=&#8221;default&#8221; global_colors_info=&#8221;{}&#8221;][et_pb_number_counter title=&#8221;Hect\u00e1reas Asesoradas&#8221; number=&#8221;+40000&#8243; percent_sign=&#8221;off&#8221; _builder_version=&#8221;4.9.7&#8243; _module_preset=&#8221;default&#8221; title_font=&#8221;|700|||||||&#8221; title_text_color=&#8221;#000000&#8243; title_font_size=&#8221;22px&#8221; number_font=&#8221;|700|||||||&#8221; number_text_color=&#8221;#fdd552&#8243; locked=&#8221;off&#8221; global_colors_info=&#8221;{}&#8221;][\/et_pb_number_counter][\/et_pb_column][\/et_pb_row][et_pb_row _builder_version=&#8221;4.9.7&#8243; _module_preset=&#8221;default&#8221; locked=&#8221;off&#8221; global_colors_info=&#8221;{}&#8221;][et_pb_column type=&#8221;4_4&#8243; _builder_version=&#8221;4.9.7&#8243; _module_preset=&#8221;default&#8221; global_colors_info=&#8221;{}&#8221;][dipl_timeline select_timeline_layout_option=&#8221;dipl_timeline_right&#8221; _builder_version=&#8221;4.14.7&#8243; _module_preset=&#8221;default&#8221; hover_enabled=&#8221;0&#8243; border_color_all=&#8221;#749320&#8243; global_colors_info=&#8221;{}&#8221; sticky_enabled=&#8221;0&#8243;][dipl_timeline_item timeline_title=&#8221;Asesoramiento t\u00e9cnico agr\u00edcola&#8221; _builder_version=&#8221;4.9.10&#8243; _module_preset=&#8221;default&#8221; global_timeline_header_font=&#8221;|700|||||||&#8221; global_timeline_header_text_color=&#8221;#000000&#8243; global_timeline_header_font_size=&#8221;28px&#8221; global_timeline_text_text_align=&#8221;justify&#8221; global_timeline_text_text_color=&#8221;#000000&#8243; background_color=&#8221;#FFFFFF&#8221; background_enable_color=&#8221;on&#8221; border_width_all=&#8221;1px&#8221; border_color_all=&#8221;#fdd552&#8243; global_colors_info=&#8221;{}&#8221;]<\/p>\n<p>Nuestro equipo t\u00e9cnico, compuesto por expertos en cultivo de olivar, almendro, ajo, cereales, leguminosas y matalauva. Aportamos soluciones para el control de plagas, control de enfermedades, y soluciones para las malas hierbas. Adem\u00e1s, mejoramos los cultivos con bioestimulantes, nutricionales y fertilizantes.<\/p>\n<p>Para ello, se interpretan los an\u00e1lisis del suelo, agua, foliares de forma detallada, para un posterior dictamen correcto de sus valores.<\/p>\n<p>Con los valores obtenidos en los an\u00e1lisis y las visitas continuadas a las fincas, nuestros t\u00e9cnicos saben en todo momento las medidas a tomar en cuanto a carencias y enfermedades de los distintos cultivos.<\/p>\n<p>En Balam contamos con el personal t\u00e9cnico adecuado para prestar un servicio integral de asesoramiento agr\u00edcola. Entendemos que el campo est\u00e1 en permanente evoluci\u00f3n y que en los \u00faltimos tiempos han aparecido importantes retos, que hacen necesarios una mayor tecnificaci\u00f3n y profesionalizaci\u00f3n de los servicios agr\u00edcolas.<\/p>\n<p>De esta manera podemos aportar soluciones espec\u00edficas a las necesidades reales de cada cultivo.<\/p>\n<p>[\/dipl_timeline_item][dipl_timeline_item timeline_title=&#8221;An\u00e1lisis de la problem\u00e1tica&#8221; _builder_version=&#8221;4.9.11&#8243; _module_preset=&#8221;default&#8221; global_timeline_header_font=&#8221;|700|||||||&#8221; global_timeline_header_text_color=&#8221;#000000&#8243; global_timeline_header_font_size=&#8221;28px&#8221; global_timeline_text_text_align=&#8221;justify&#8221; global_timeline_text_text_color=&#8221;#000000&#8243; background_color=&#8221;#FFFFFF&#8221; background_enable_color=&#8221;on&#8221; border_width_all=&#8221;1px&#8221; border_color_all=&#8221;#fdd552&#8243; global_colors_info=&#8221;{}&#8221;]<\/p>\n<p><span>En la fase inicial de toda labor de consultor\u00eda t\u00e9cnica hay que hacer un an\u00e1lisis exhaustivo del problema que necesitamos solucionar. Para ello se recopilar\u00e1n los datos y muestras necesarias para diagnosticar el problema que afecta a nuestra plantaci\u00f3n: mala calidad de las aguas, problemas con la tierra, etc.<\/span><\/p>\n<p><span>Dependiendo del problema, se emplear\u00e1n las t\u00e9cnicas adecuadas y los an\u00e1lisis t\u00e9cnicos que sean necesarios para dar con el origen del problema a resolver.<\/span><\/p>\n<p>[\/dipl_timeline_item][dipl_timeline_item timeline_title=&#8221;Elaboraci\u00f3n del plan de tratamiento&#8221; _builder_version=&#8221;4.9.7&#8243; _module_preset=&#8221;default&#8221; global_timeline_header_font=&#8221;|700|||||||&#8221; global_timeline_header_text_color=&#8221;#000000&#8243; global_timeline_header_font_size=&#8221;28px&#8221; global_timeline_text_text_align=&#8221;justify&#8221; global_timeline_text_text_color=&#8221;#000000&#8243; background_color=&#8221;#FFFFFF&#8221; background_enable_color=&#8221;on&#8221; border_width_all=&#8221;1px&#8221; border_color_all=&#8221;#fdd552&#8243; global_colors_info=&#8221;{}&#8221;]<\/p>\n<p><span>Una vez conocemos el problema que tenemos, podemos pasar a la segunda fase. Nuestros t\u00e9cnicos plantean el tratamiento que necesitamos para acabar con el problema analizado. En \u00e9l se har\u00e1n las recomendaciones t\u00e9cnicas necesarias para solucionar el mal que afecta a nuestra plantaci\u00f3n. En este plan se incluyen las medidas concretas, as\u00ed como el calendario y el presupuesto necesario para su aplicaci\u00f3n.<\/span><\/p>\n<p><span>El plan se pone por escrito con toda la informaci\u00f3n e instrucciones necesarias para que los responsables de su ejecuci\u00f3n no tengan ninguna duda de lo que se debe hacer.<\/span><\/p>\n<p>[\/dipl_timeline_item][dipl_timeline_item timeline_title=&#8221;Ejecuci\u00f3n y control del plan de tratamiento&#8221; _builder_version=&#8221;4.9.7&#8243; _module_preset=&#8221;default&#8221; global_timeline_header_font=&#8221;|700|||||||&#8221; global_timeline_header_text_color=&#8221;#000000&#8243; global_timeline_header_font_size=&#8221;28px&#8221; global_timeline_text_text_align=&#8221;justify&#8221; global_timeline_text_text_color=&#8221;#000000&#8243; background_color=&#8221;#FFFFFF&#8221; background_enable_color=&#8221;on&#8221; border_width_all=&#8221;1px&#8221; border_color_all=&#8221;#fdd552&#8243; global_colors_info=&#8221;{}&#8221;]<\/p>\n<p><span>La tercera y \u00faltima fase es la ejecuci\u00f3n del plan. Ya sabemos cu\u00e1l es la enfermedad, sabemos cu\u00e1l es el tratamiento, se trata ahora de aplicar la \u201cmedicina\u201d adecuada. Una vez aplicado el tratamiento, es necesario llevar un control y seguimiento de las medidas ejecutadas, para saber si dan los resultados esperados.<\/span><\/p>\n<p><span>En Balam Crops estamos especializados en asesoramiento de cultivos de olivar y almendro y todo tipo de cultivos le\u00f1osos. Dispondr\u00e1s del equipo t\u00e9cnico que necesitas para poner en marcha cualquier plan de nuevo cultivo o de mejora de un cultivo ya existente.<\/span><\/p>\n<p>[\/dipl_timeline_item][dipl_timeline_item timeline_title=&#8221;Soluciones para la protecci\u00f3n de los cultivos&#8221; _builder_version=&#8221;4.14.7&#8243; _module_preset=&#8221;default&#8221; global_timeline_header_font=&#8221;|700|||||||&#8221; global_timeline_header_text_color=&#8221;#000000&#8243; global_timeline_header_font_size=&#8221;28px&#8221; global_timeline_text_text_align=&#8221;justify&#8221; global_timeline_text_text_color=&#8221;#000000&#8243; background_color=&#8221;#FFFFFF&#8221; background_enable_color=&#8221;on&#8221; hover_enabled=&#8221;0&#8243; border_width_all=&#8221;1px&#8221; border_color_all=&#8221;#fdd552&#8243; global_colors_info=&#8221;{}&#8221; sticky_enabled=&#8221;0&#8243;]<\/p>\n<p>La distribuci\u00f3n y venta de estas, constituye el origen de la actividad de nuestra empresa y supuso su principal \u00e1rea de negocio durante muchos a\u00f1os.<\/p>\n<p>Balam Crops ofrece asesoramiento t\u00e9cnico agr\u00edcola, y pone a disposici\u00f3n del agricultor una amplia gama de\u00a0soluciones para el control de plagas, control de enfermedades, y para las malas hierbas. Adem\u00e1s de herramientas para mejorar los cultivos, como bioestimulantes, nutricionales y fertilizantes, tanto propios como\u00a0de compa\u00f1\u00edas l\u00edderes del sector, cuyo manejo y aplicaci\u00f3n se ve siempre apoyado por uno de los m\u00e1s acreditados equipos t\u00e9cnicos del mercado, compuesto por titulados en agronom\u00eda que tienen gran experiencia y asesoran a los agricultores en el uso de estas materias activas adecuando las mismas a las dosis y usos autorizados para el cultivo en cada uno de sus estados fenol\u00f3gicos.<\/p>\n<p style=\"text-align: center;\"><img loading=\"lazy\" decoding=\"async\" src=\"https:\/\/balam.es\/pt\/wp-content\/uploads\/2022\/02\/gLD5gLn.png\" width=\"1086\" height=\"513\" alt=\"\" class=\"wp-image-9411 alignnone size-full\" srcset=\"https:\/\/balam.es\/pt\/wp-content\/uploads\/2022\/02\/gLD5gLn.png 1086w, https:\/\/balam.es\/pt\/wp-content\/uploads\/2022\/02\/gLD5gLn-980x463.png 980w, https:\/\/balam.es\/pt\/wp-content\/uploads\/2022\/02\/gLD5gLn-480x227.png 480w\" sizes=\"auto, (min-width: 0px) and (max-width: 480px) 480px, (min-width: 481px) and (max-width: 980px) 980px, (min-width: 981px) 1086px, 100vw\" \/><\/p>\n<p>[\/dipl_timeline_item][dipl_timeline_item timeline_title=&#8221;BALAM AGRICULTURE, centro de agrupamiento SIGFITO&#8221; _builder_version=&#8221;4.9.10&#8243; _module_preset=&#8221;default&#8221; global_timeline_header_font=&#8221;|700|||||||&#8221; global_timeline_header_text_color=&#8221;#000000&#8243; global_timeline_header_font_size=&#8221;28px&#8221; global_timeline_text_text_align=&#8221;justify&#8221; global_timeline_text_text_color=&#8221;#000000&#8243; background_color=&#8221;#FFFFFF&#8221; background_enable_color=&#8221;on&#8221; border_width_all=&#8221;1px&#8221; border_color_all=&#8221;#fdd552&#8243; global_colors_info=&#8221;{}&#8221;]<\/p>\n<p><span>El Sistema Integrado de Gesti\u00f3n de envases fitosanitarios (SIGFITO) se basa en una red de centros de recogida, denominados \u00abCentros de Agrupamiento\u00bb, a los cuales el consumidor puede llevar sus envases para darles un tratamiento medioambiental correcto con el objetivo de ayudar a preservar el Medio Ambiente y favorecer al desarrollo sostenible de nuestra Agricultura.<\/span><\/p>\n<p><span>En Balam Agriculture nos aseguramos de que el agricultor tenga a su disposici\u00f3n todos los servicios que necesita para llevar a cabo su actividad de la mejor manera, contacta con nosotros y te ayudaremos a solucionar todas tus dudas en cuanto al manejo de soluciones para los cultivos y su la posterior gesti\u00f3n de los envases generados.<\/span><\/p>\n<p>[\/dipl_timeline_item][\/dipl_timeline][\/et_pb_column][\/et_pb_row][et_pb_row _builder_version=&#8221;4.9.7&#8243; _module_preset=&#8221;default&#8221; global_colors_info=&#8221;{}&#8221;][et_pb_column type=&#8221;4_4&#8243; _builder_version=&#8221;4.9.7&#8243; _module_preset=&#8221;default&#8221; global_colors_info=&#8221;{}&#8221;][dsm_masonry_gallery gallery_ids=&#8221;2606,2625,2626,2608,2599,2595&#8243; use_lightbox=&#8221;on&#8221; use_zoom_on_hover=&#8221;on&#8221; _builder_version=&#8221;4.9.11&#8243; _module_preset=&#8221;default&#8221; global_colors_info=&#8221;{}&#8221;][\/dsm_masonry_gallery][\/et_pb_column][\/et_pb_row][\/et_pb_section]<\/p>\n","protected":false},"excerpt":{"rendered":"<p><div class=\"et_pb_module dsm_breadcrumbs dsm_breadcrumbs_0\">\n\t\t\t\t\n\t\t\t\t\n\t\t\t\t\n\t\t\t\t\n\t\t\t\t<div class=\"et_pb_module_inner\">\n\t\t\t\t\t<nav class=\"dsm_breadcrumbs_wrap\" role=\"navigation\" itemscope=\"\" itemtype=\"http:\/\/schema.org\/SiteNavigationElement\">\n\t\t\t\t<ul class=\"dsm_breadcrumbs\">\n\t\t\t<li class='dsm_breadcrumbs_item dsm_home_item dsm_home_item_custom'>\n\t\t\t\t<a href=\"https:\/\/balam.es\/pt\" itemprop=\"url\">\n\t\t\t\t\t<span class='dsm_home_text_wrapper'>\n\t\t\t\t\t\t\t\t\t\t\t\t\t<span class=\"et-pb-icon dsm_home_icon\">\ue009<\/span>\n\t\t\t\t\t\t\t\t\t\t\t\t\t<span class=\"dsm_home_text\" itemprop=\"name\">\n\t\t\t\t\t\t\t\tbalam.es\t\t\t\t\t\t\t<\/span>\n\t\t\t\t\t<\/span>\n\t\t\t\t<\/a>\n\t\t\t<\/li>\n\n\t\t<\/ul>\n\t\t\t<\/nav>\n\t\t\t\t<\/div>\n\t\t\t<\/div>En Balam contamos con el personal t\u00e9cnico adecuado para prestar un servicio integral de asesoramiento agr\u00edcola.\u00a0 Nuestra filosof\u00eda de trabajo est\u00e1 presidida por el principio \u201cagricultura moderna y rentable\u201d.<div class=\"et_pb_with_border et_pb_module dipl_timeline dipl_timeline_0\">\n\t\t\t\t\n\t\t\t\t\n\t\t\t\t\n\t\t\t\t\n\t\t\t\t<div class=\"et_pb_module_inner\">\n\t\t\t\t\t<div class=\"dipl_timeline_right\"><div class=\"dipl_timeline_wrapper\">\n                            \n                        <\/div><div class=\"dipl_timeline_right_stem dipl_icon_tree_stem\"><div class=\"dipl_stem_wrapper\"><div class=\"dipl_stem\"><\/div><\/div><\/div><\/div>\n\t\t\t\t<\/div>\n\t\t\t<\/div><div class=\"et_pb_module dipl_timeline_item dipl_timeline_item_0\">\n\t\t\t\t<div class=\"dipl_icon_tree dipl_timeline_item_wrapper\">        \n                                <div class=\"dipl_stem_center\"><div class=\"dipl_icon_wrapper\"><span class=\"dipl_item_icon dipl_item_circle\"><\/span><\/div><\/div>\n                                <div class=\"dipl_item_content\">\n                                \t<div class=\"dipl_item_content_inner\">\n\t                                    \n\t                                    <h3 class=\"dipl_item_title\">&#8221;Asesoramiento<\/h3>\n\t                                    \n\t                                  \t<span class=\"dipl_triangle\"><\/span>\n\t                                <\/div>\n                                <\/div>\n                                <div class=\"dipl_date_container\"><\/div>\n                            <\/div>\n\t\t\t<\/div><\/p>\n","protected":false},"author":1,"featured_media":3761,"parent":0,"menu_order":0,"comment_status":"closed","ping_status":"closed","template":"","meta":{"_et_pb_use_builder":"on","_et_pb_old_content":"","_et_gb_content_width":"","footnotes":""},"class_list":["post-2039","page","type-page","status-publish","has-post-thumbnail","hentry"],"aioseo_notices":[],"_links":{"self":[{"href":"https:\/\/balam.es\/pt\/wp-json\/wp\/v2\/pages\/2039","targetHints":{"allow":["GET"]}}],"collection":[{"href":"https:\/\/balam.es\/pt\/wp-json\/wp\/v2\/pages"}],"about":[{"href":"https:\/\/balam.es\/pt\/wp-json\/wp\/v2\/types\/page"}],"author":[{"embeddable":true,"href":"https:\/\/balam.es\/pt\/wp-json\/wp\/v2\/users\/1"}],"replies":[{"embeddable":true,"href":"https:\/\/balam.es\/pt\/wp-json\/wp\/v2\/comments?post=2039"}],"version-history":[{"count":0,"href":"https:\/\/balam.es\/pt\/wp-json\/wp\/v2\/pages\/2039\/revisions"}],"wp:featuredmedia":[{"embeddable":true,"href":"https:\/\/balam.es\/pt\/wp-json\/wp\/v2\/media\/3761"}],"wp:attachment":[{"href":"https:\/\/balam.es\/pt\/wp-json\/wp\/v2\/media?parent=2039"}],"curies":[{"name":"wp","href":"https:\/\/api.w.org\/{rel}","templated":true}]}}