{"id":1994,"date":"2021-06-07T08:50:54","date_gmt":"2021-06-07T08:50:54","guid":{"rendered":"https:\/\/balam.es\/?page_id=1994"},"modified":"2021-08-06T10:39:44","modified_gmt":"2021-08-06T10:39:44","slug":"poda-mecanizada","status":"publish","type":"page","link":"https:\/\/balam.es\/pt\/services\/poda-mecanizada\/","title":{"rendered":"Poda mecanizada"},"content":{"rendered":"<p>[et_pb_section fb_built=&#8221;1&#8243; _builder_version=&#8221;4.9.4&#8243; _module_preset=&#8221;default&#8221; custom_padding=&#8221;13px|||||&#8221; da_disable_devices=&#8221;off|off|off&#8221; da_is_popup=&#8221;off&#8221; da_exit_intent=&#8221;off&#8221; da_has_close=&#8221;on&#8221; da_alt_close=&#8221;off&#8221; da_dark_close=&#8221;off&#8221; da_not_modal=&#8221;on&#8221; da_is_singular=&#8221;off&#8221; da_with_loader=&#8221;off&#8221; da_has_shadow=&#8221;on&#8221;][et_pb_row _builder_version=&#8221;4.9.4&#8243; _module_preset=&#8221;default&#8221; custom_padding=&#8221;10px|||||&#8221;][et_pb_column type=&#8221;4_4&#8243; _builder_version=&#8221;4.9.4&#8243; _module_preset=&#8221;default&#8221;][dsm_breadcrumbs home_text=&#8221;balam.es&#8221; home_icon=&#8221;%%33%%&#8221; separator_icon=&#8221;%%36%%&#8221; align=&#8221;center&#8221; items_bg_color=&#8221;#FFFFFF&#8221; _builder_version=&#8221;4.9.4&#8243; _module_preset=&#8221;default&#8221; items_text_color=&#8221;#000000&#8243;][\/dsm_breadcrumbs][\/et_pb_column][\/et_pb_row][et_pb_row column_structure=&#8221;1_2,1_2&#8243; make_equal=&#8221;on&#8221; _builder_version=&#8221;4.9.10&#8243; _module_preset=&#8221;default&#8221; hover_enabled=&#8221;0&#8243; sticky_enabled=&#8221;0&#8243;][et_pb_column type=&#8221;1_2&#8243; _builder_version=&#8221;4.9.4&#8243; _module_preset=&#8221;default&#8221;][et_pb_blurb title=&#8221;Poda mecanizada&#8221; _builder_version=&#8221;4.9.7&#8243; _module_preset=&#8221;default&#8221; header_level=&#8221;h1&#8243; header_font=&#8221;|700||on|||||&#8221; header_text_align=&#8221;center&#8221; header_text_color=&#8221;#bf884f&#8221; header_font_size=&#8221;40px&#8221; body_text_align=&#8221;justify&#8221; body_text_color=&#8221;#000000&#8243; body_font_size=&#8221;16px&#8221;]<\/p>\n<p><span style=\"font-weight: 400;\"><\/span><\/p>\n<p><span style=\"font-weight: 400;\">La poda en los cultivos le\u00f1osos es una de las tareas imprescindibles que hay que realizar todos los a\u00f1os para asegurar la supervivencia del cultivo y para obtener una rentabilidad adecuada.<\/span><\/p>\n<p><span style=\"font-weight: 400;\">Con una buena poda conseguimos que el \u00e1rbol produzca m\u00e1s sin afectar a su ciclo vital. Tambi\u00e9n se consigue que los \u00e1rboles j\u00f3venes empiecen a producir antes y que el periodo productivo sea mayor. Adem\u00e1s, se retrasa el envejecimiento del \u00e1rbol.<\/span><\/p>\n<p><span style=\"font-weight: 400;\">Con la poda mantenemos una buena relaci\u00f3n entre la hoja y la ra\u00edz del \u00e1rbol. Se sustituyen las ramas viejas por ramas nuevas, donde se producen los brotes del a\u00f1o anterior que dar\u00e1n los frutos.<\/span><\/p>\n<p><span style=\"font-weight: 400;\">En Balam somos especialistas en servicios agr\u00edcolas para cultivos le\u00f1osos y con nosotros podr\u00e1s <\/span><b>contratar servicios de poda mecanizada.<\/b><\/p>\n<h2><b>Servicios de poda de cultivos le\u00f1osos<\/b><\/h2>\n<p><span style=\"font-weight: 400;\">El propietario de la finca tiene dos alternativas: contratar \u00e9l mismo al personal necesario para realizar la poda de su plantaci\u00f3n le\u00f1osa (olivar, almendro, etc.), o bien contratarlo con una empresa especialista en servicios agr\u00edcolas como Balam Agriculture.<\/span><\/p>\n<p><span style=\"font-weight: 400;\">Las ventajas de la segunda opci\u00f3n son claras: el agricultor se beneficia de la experiencia acumulada de nuestros t\u00e9cnicos y peones. Tambi\u00e9n tendr\u00e1 un servicio llave en mano, donde estar\u00e1n contempladas todas las tareas de planificaci\u00f3n y ejecuci\u00f3n de las tareas de poda, sin sorpresas de \u00faltima hora, y con un precio cerrado.<\/span><\/p>\n<p><span style=\"font-weight: 400;\">En <\/span><b>Balam Services<\/b><span style=\"font-weight: 400;\"> el servicio de poda est\u00e1 enmarcado dentro de una filosof\u00eda de servicio global para el agricultor. El concepto llave en mano de plantaci\u00f3n de olivar o almendro incluye todo el ciclo vital de la explotaci\u00f3n: desde que a\u00fan es un terreno sin cultivo hasta que se convierte en una plantaci\u00f3n en plena producci\u00f3n.<\/span><\/p>\n<p><span style=\"font-weight: 400;\">Cuando la plantaci\u00f3n ya est\u00e1 en producci\u00f3n, necesitamos hacer las tareas de mantenimiento como la poda.<\/span><\/p>\n<h2><b>Poda 100% mecanizada<\/b><\/h2>\n<p><span style=\"font-weight: 400;\">En los \u00faltimos a\u00f1os en pa\u00edses como Espa\u00f1a y Portugal se ha incrementado notablemente la superficie de olivares intensivos o superintensivos. El objetivo es obtener la mayor rentabilidad posible por \u00e1rbol y por hect\u00e1rea y que la producci\u00f3n sea lo m\u00e1s predictiva y calculada posible para poder ajustar los costes y obtener las rentabilidades m\u00ednimas previstas.<\/span><\/p>\n<p><span style=\"font-weight: 400;\">Para ello, todo tiene que ser lo m\u00e1s mec\u00e1nico y automatizado posible. Y esta mecanizaci\u00f3n se ha llevado hasta las tareas de podas que siempre se realizaban de forma manual.<\/span><\/p>\n<p><span style=\"font-weight: 400;\">Con la aparici\u00f3n de m\u00e1quinas que permiten hacer la<\/span><b> poda de rebaje y poda lateral<\/b><span style=\"font-weight: 400;\"> y m\u00e1quinas <\/span><b>recortadoras de bajos<\/b><span style=\"font-weight: 400;\"> se puede hacer el mantenimiento del olivar de forma m\u00e1s r\u00e1pida y econ\u00f3mica, lo que supone mantener bajo control una de las principales partidas de gastos.<\/span><\/p>\n<p><span style=\"font-weight: 400;\">La poda es una fase importante de un cultivo le\u00f1oso. Es importante tener esta fase bajo control y en manos de especialistas para asegurar la viabilidad de su explotaci\u00f3n.<\/span><\/p>\n<p>[\/et_pb_blurb][\/et_pb_column][et_pb_column type=&#8221;1_2&#8243; _builder_version=&#8221;4.9.10&#8243; _module_preset=&#8221;default&#8221; background_image=&#8221;https:\/\/balam.es\/pt\/wp-content\/uploads\/2021\/07\/DJI_0048-scaled.jpg&#8221; hover_enabled=&#8221;0&#8243; title_text=&#8221;default&#8221; sticky_enabled=&#8221;0&#8243;][et_pb_image src=&#8221;https:\/\/balam.es\/pt\/wp-content\/uploads\/2021\/07\/DJI_0048-scaled.jpg&#8221; title_text=&#8221;default&#8221; disabled_on=&#8221;off|off|on&#8221; _builder_version=&#8221;4.9.10&#8243; _module_preset=&#8221;default&#8221; hover_enabled=&#8221;0&#8243; sticky_enabled=&#8221;0&#8243;][\/et_pb_image][\/et_pb_column][\/et_pb_row][\/et_pb_section]<\/p>\n","protected":false},"excerpt":{"rendered":"<p><div class=\"et_pb_module dsm_breadcrumbs dsm_breadcrumbs_0\">\n\t\t\t\t\n\t\t\t\t\n\t\t\t\t\n\t\t\t\t\n\t\t\t\t<div class=\"et_pb_module_inner\">\n\t\t\t\t\t<nav class=\"dsm_breadcrumbs_wrap\" role=\"navigation\" itemscope=\"\" itemtype=\"http:\/\/schema.org\/SiteNavigationElement\">\n\t\t\t\t<ul class=\"dsm_breadcrumbs\">\n\t\t\t<li class='dsm_breadcrumbs_item dsm_home_item dsm_home_item_custom'>\n\t\t\t\t<a href=\"https:\/\/balam.es\/pt\" itemprop=\"url\">\n\t\t\t\t\t<span class='dsm_home_text_wrapper'>\n\t\t\t\t\t\t\t\t\t\t\t\t\t<span class=\"et-pb-icon dsm_home_icon\">&#x42;<\/span>\n\t\t\t\t\t\t\t\t\t\t\t\t\t<span class=\"dsm_home_text\" itemprop=\"name\">\n\t\t\t\t\t\t\t\tbalam.es\t\t\t\t\t\t\t<\/span>\n\t\t\t\t\t<\/span>\n\t\t\t\t<\/a>\n\t\t\t<\/li>\n\n\t\t<\/ul>\n\t\t\t<\/nav>\n\t\t\t\t<\/div>\n\t\t\t<\/div> La poda en los cultivos le\u00f1osos es una de las tareas imprescindibles que hay que realizar todos los a\u00f1os para asegurar la supervivencia del cultivo y para obtener una rentabilidad adecuada. Con una buena poda conseguimos que el \u00e1rbol produzca m\u00e1s sin afectar a su ciclo [&hellip;]<\/p>\n","protected":false},"author":1,"featured_media":0,"parent":1969,"menu_order":0,"comment_status":"closed","ping_status":"closed","template":"","meta":{"_et_pb_use_builder":"on","_et_pb_old_content":"<!-- wp:divi\/placeholder \/-->","_et_gb_content_width":"","footnotes":""},"class_list":["post-1994","page","type-page","status-publish","hentry"],"aioseo_notices":[],"_links":{"self":[{"href":"https:\/\/balam.es\/pt\/wp-json\/wp\/v2\/pages\/1994","targetHints":{"allow":["GET"]}}],"collection":[{"href":"https:\/\/balam.es\/pt\/wp-json\/wp\/v2\/pages"}],"about":[{"href":"https:\/\/balam.es\/pt\/wp-json\/wp\/v2\/types\/page"}],"author":[{"embeddable":true,"href":"https:\/\/balam.es\/pt\/wp-json\/wp\/v2\/users\/1"}],"replies":[{"embeddable":true,"href":"https:\/\/balam.es\/pt\/wp-json\/wp\/v2\/comments?post=1994"}],"version-history":[{"count":0,"href":"https:\/\/balam.es\/pt\/wp-json\/wp\/v2\/pages\/1994\/revisions"}],"up":[{"embeddable":true,"href":"https:\/\/balam.es\/pt\/wp-json\/wp\/v2\/pages\/1969"}],"wp:attachment":[{"href":"https:\/\/balam.es\/pt\/wp-json\/wp\/v2\/media?parent=1994"}],"curies":[{"name":"wp","href":"https:\/\/api.w.org\/{rel}","templated":true}]}}