{"id":1986,"date":"2021-06-07T08:49:24","date_gmt":"2021-06-07T08:49:24","guid":{"rendered":"https:\/\/balam.es\/?page_id=1986"},"modified":"2021-10-21T07:42:59","modified_gmt":"2021-10-21T07:42:59","slug":"colheita-mecanizada-do-olival","status":"publish","type":"page","link":"https:\/\/balam.es\/pt\/services\/colheita-mecanizada-do-olival\/","title":{"rendered":"Colheita mecanizada do olival"},"content":{"rendered":"<p>[et_pb_section fb_built=&#8221;1&#8243; _builder_version=&#8221;4.9.4&#8243; _module_preset=&#8221;default&#8221; custom_padding=&#8221;13px|||||&#8221; da_is_popup=&#8221;off&#8221; da_exit_intent=&#8221;off&#8221; da_has_close=&#8221;on&#8221; da_alt_close=&#8221;off&#8221; da_dark_close=&#8221;off&#8221; da_not_modal=&#8221;on&#8221; da_is_singular=&#8221;off&#8221; da_with_loader=&#8221;off&#8221; da_has_shadow=&#8221;on&#8221; da_disable_devices=&#8221;off|off|off&#8221;][et_pb_row _builder_version=&#8221;4.9.4&#8243; _module_preset=&#8221;default&#8221; custom_padding=&#8221;10px|||||&#8221;][et_pb_column type=&#8221;4_4&#8243; _builder_version=&#8221;4.9.4&#8243; _module_preset=&#8221;default&#8221;][et_pb_image src=&#8221;https:\/\/balam.es\/pt\/wp-content\/uploads\/2021\/04\/LOGO_BALAM_DEF_05-1.png&#8221; title_text=&#8221;LOGO_BALAM_DEF_05 (1)&#8221; align=&#8221;center&#8221; _builder_version=&#8221;4.9.4&#8243; _module_preset=&#8221;default&#8221; width=&#8221;48%&#8221; custom_margin=&#8221;||6px|||&#8221;][\/et_pb_image][dsm_breadcrumbs home_text=&#8221;balam.es&#8221; home_icon=&#8221;%%33%%&#8221; separator_icon=&#8221;%%36%%&#8221; align=&#8221;center&#8221; items_bg_color=&#8221;#FFFFFF&#8221; _builder_version=&#8221;4.9.4&#8243; _module_preset=&#8221;default&#8221; items_text_color=&#8221;#000000&#8243;][\/dsm_breadcrumbs][\/et_pb_column][\/et_pb_row][et_pb_row column_structure=&#8221;1_2,1_2&#8243; make_equal=&#8221;on&#8221; _builder_version=&#8221;4.9.4&#8243; _module_preset=&#8221;default&#8221;][et_pb_column type=&#8221;1_2&#8243; _builder_version=&#8221;4.9.4&#8243; _module_preset=&#8221;default&#8221;][et_pb_blurb title=&#8221;Recolecci\u00f3n mecanizada del olivar&#8221; _builder_version=&#8221;4.9.7&#8243; _module_preset=&#8221;default&#8221; header_level=&#8221;h1&#8243; header_font=&#8221;|700||on|||||&#8221; header_font_size=&#8221;40px&#8221; body_text_align=&#8221;justify&#8221; body_text_color=&#8221;#000000&#8243; hover_enabled=&#8221;0&#8243; header_text_align=&#8221;center&#8221; header_text_color=&#8221;#bf884f&#8221; sticky_enabled=&#8221;0&#8243;]<\/p>\n<h2><\/h2>\n<p><span style=\"font-weight: 400;\">La<\/span><b> recolecci\u00f3n mecanizada del olivar<\/b><span style=\"font-weight: 400;\"> superintensivo se realiza mediante un tipo especial de m\u00e1quina cabalgante. En <\/span><b>Balam Services <\/b><span style=\"font-weight: 400;\">contamos con m\u00e1quinas cabalgantes de \u00faltima tecnolog\u00eda que permiten obtener muy altos niveles de producci\u00f3n con unos costes muy controlados. Nuestra maquinaria es muy respetuosa con el \u00e1rbol y est\u00e1 operada por un profesional formado y cualificado que le permitir\u00e1 coger todo el fruto sin afectar a la vida del olivo.<\/span><\/p>\n<p>[\/et_pb_blurb][\/et_pb_column][et_pb_column type=&#8221;1_2&#8243; _builder_version=&#8221;4.9.4&#8243; _module_preset=&#8221;default&#8221; background_image=&#8221;https:\/\/balam.es\/pt\/wp-content\/uploads\/2021\/05\/840657.jpg&#8221;][et_pb_image src=&#8221;https:\/\/balam.es\/pt\/wp-content\/uploads\/2021\/05\/840657.jpg&#8221; title_text=&#8221;840657&#8243; disabled_on=&#8221;off|off|on&#8221; _builder_version=&#8221;4.9.4&#8243; _module_preset=&#8221;default&#8221;][\/et_pb_image][\/et_pb_column][\/et_pb_row][\/et_pb_section]<\/p>\n","protected":false},"excerpt":{"rendered":"<p><div class=\"et_pb_module dsm_breadcrumbs dsm_breadcrumbs_0\">\n\t\t\t\t\n\t\t\t\t\n\t\t\t\t\n\t\t\t\t\n\t\t\t\t<div class=\"et_pb_module_inner\">\n\t\t\t\t\t<nav class=\"dsm_breadcrumbs_wrap\" role=\"navigation\" itemscope=\"\" itemtype=\"http:\/\/schema.org\/SiteNavigationElement\">\n\t\t\t\t<ul class=\"dsm_breadcrumbs\">\n\t\t\t<li class='dsm_breadcrumbs_item dsm_home_item dsm_home_item_custom'>\n\t\t\t\t<a href=\"https:\/\/balam.es\/pt\" itemprop=\"url\">\n\t\t\t\t\t<span class='dsm_home_text_wrapper'>\n\t\t\t\t\t\t\t\t\t\t\t\t\t<span class=\"et-pb-icon dsm_home_icon\">&#x42;<\/span>\n\t\t\t\t\t\t\t\t\t\t\t\t\t<span class=\"dsm_home_text\" itemprop=\"name\">\n\t\t\t\t\t\t\t\tbalam.es\t\t\t\t\t\t\t<\/span>\n\t\t\t\t\t<\/span>\n\t\t\t\t<\/a>\n\t\t\t<\/li>\n\n\t\t<\/ul>\n\t\t\t<\/nav>\n\t\t\t\t<\/div>\n\t\t\t<\/div> La recolecci\u00f3n mecanizada del olivar superintensivo se realiza mediante un tipo especial de m\u00e1quina cabalgante. En Balam Services contamos con m\u00e1quinas cabalgantes de \u00faltima tecnolog\u00eda que permiten obtener muy altos niveles de producci\u00f3n con unos costes muy controlados. Nuestra maquinaria es muy respetuosa con el \u00e1rbol [&hellip;]<\/p>\n","protected":false},"author":1,"featured_media":0,"parent":1969,"menu_order":0,"comment_status":"closed","ping_status":"closed","template":"","meta":{"_et_pb_use_builder":"on","_et_pb_old_content":"<!-- wp:divi\/placeholder \/-->","_et_gb_content_width":"","footnotes":""},"class_list":["post-1986","page","type-page","status-publish","hentry"],"aioseo_notices":[],"_links":{"self":[{"href":"https:\/\/balam.es\/pt\/wp-json\/wp\/v2\/pages\/1986","targetHints":{"allow":["GET"]}}],"collection":[{"href":"https:\/\/balam.es\/pt\/wp-json\/wp\/v2\/pages"}],"about":[{"href":"https:\/\/balam.es\/pt\/wp-json\/wp\/v2\/types\/page"}],"author":[{"embeddable":true,"href":"https:\/\/balam.es\/pt\/wp-json\/wp\/v2\/users\/1"}],"replies":[{"embeddable":true,"href":"https:\/\/balam.es\/pt\/wp-json\/wp\/v2\/comments?post=1986"}],"version-history":[{"count":0,"href":"https:\/\/balam.es\/pt\/wp-json\/wp\/v2\/pages\/1986\/revisions"}],"up":[{"embeddable":true,"href":"https:\/\/balam.es\/pt\/wp-json\/wp\/v2\/pages\/1969"}],"wp:attachment":[{"href":"https:\/\/balam.es\/pt\/wp-json\/wp\/v2\/media?parent=1986"}],"curies":[{"name":"wp","href":"https:\/\/api.w.org\/{rel}","templated":true}]}}