{"id":1979,"date":"2021-06-07T08:48:25","date_gmt":"2021-06-07T08:48:25","guid":{"rendered":"https:\/\/balam.es\/?page_id=1979"},"modified":"2021-08-10T12:14:34","modified_gmt":"2021-08-10T12:14:34","slug":"recoleccion-con-cabalgadoras","status":"publish","type":"page","link":"https:\/\/balam.es\/pt\/services\/recoleccion-con-cabalgadoras\/","title":{"rendered":"Recolecci\u00f3n con cabalgadoras"},"content":{"rendered":"<p>[et_pb_section fb_built=&#8221;1&#8243; _builder_version=&#8221;4.9.4&#8243; _module_preset=&#8221;default&#8221; custom_padding=&#8221;13px|||||&#8221; da_disable_devices=&#8221;off|off|off&#8221; da_is_popup=&#8221;off&#8221; da_exit_intent=&#8221;off&#8221; da_has_close=&#8221;on&#8221; da_alt_close=&#8221;off&#8221; da_dark_close=&#8221;off&#8221; da_not_modal=&#8221;on&#8221; da_is_singular=&#8221;off&#8221; da_with_loader=&#8221;off&#8221; da_has_shadow=&#8221;on&#8221;][et_pb_row _builder_version=&#8221;4.9.4&#8243; _module_preset=&#8221;default&#8221; custom_padding=&#8221;10px|||||&#8221;][et_pb_column type=&#8221;4_4&#8243; _builder_version=&#8221;4.9.4&#8243; _module_preset=&#8221;default&#8221;][dsm_breadcrumbs home_text=&#8221;balam.es&#8221; home_icon=&#8221;%%33%%&#8221; separator_icon=&#8221;%%36%%&#8221; align=&#8221;center&#8221; items_bg_color=&#8221;#FFFFFF&#8221; _builder_version=&#8221;4.9.4&#8243; _module_preset=&#8221;default&#8221; items_text_color=&#8221;#000000&#8243;][\/dsm_breadcrumbs][\/et_pb_column][\/et_pb_row][et_pb_row column_structure=&#8221;1_2,1_2&#8243; make_equal=&#8221;on&#8221; _builder_version=&#8221;4.9.7&#8243; _module_preset=&#8221;default&#8221;][et_pb_column type=&#8221;1_2&#8243; _builder_version=&#8221;4.9.4&#8243; _module_preset=&#8221;default&#8221;][et_pb_blurb title=&#8221;Recolecci\u00f3n con cabalgadoras&#8221; _builder_version=&#8221;4.9.7&#8243; _module_preset=&#8221;default&#8221; header_level=&#8221;h1&#8243; header_font=&#8221;|700||on|||||&#8221; header_text_align=&#8221;center&#8221; header_text_color=&#8221;#bf884f&#8221; header_font_size=&#8221;40px&#8221; body_text_align=&#8221;justify&#8221; body_text_color=&#8221;#000000&#8243;][\/et_pb_blurb][et_pb_number_counter title=&#8221;M\u00e1quinas propias&#8221; number=&#8221;21&#8243; percent_sign=&#8221;off&#8221; _builder_version=&#8221;4.9.7&#8243; _module_preset=&#8221;default&#8221; title_font=&#8221;|700|||||||&#8221; number_text_color=&#8221;#bf884f&#8221;][\/et_pb_number_counter][et_pb_blurb _builder_version=&#8221;4.9.10&#8243; _module_preset=&#8221;default&#8221; header_level=&#8221;h1&#8243; header_font=&#8221;|700|||||||&#8221; header_font_size=&#8221;41px&#8221; body_text_align=&#8221;justify&#8221; body_text_color=&#8221;#000000&#8243; body_font_size=&#8221;16px&#8221; hover_enabled=&#8221;0&#8243; sticky_enabled=&#8221;0&#8243;]<\/p>\n<p><span style=\"font-weight: 400;\">La agricultura moderna est\u00e1 caracterizada por una gran <\/span><b>implantaci\u00f3n tecnol\u00f3gica<\/b><span style=\"font-weight: 400;\">. Para poder competir en unos mercados cada d\u00eda m\u00e1s complejos y globales, es necesario tener bajo control todas las partidas de gastos de una explotaci\u00f3n.<\/span><\/p>\n<p><span style=\"font-weight: 400;\">Cuando hablamos de cultivos le\u00f1osos como el olivar o el almendro la <\/span><b>recolecci\u00f3n del fruto<\/b><span style=\"font-weight: 400;\"> supone una de las etapas de mayor gastos. Hasta hace pocos a\u00f1os s\u00f3lo era factible la recolecci\u00f3n manual, con importantes costes de mano de obra.<\/span><\/p>\n<p><span style=\"font-weight: 400;\">En los \u00faltimos a\u00f1os, los diferentes fabricantes de maquinaria han sacado al mercado modelos de m\u00e1quinas que permiten la <\/span><b>recolecci\u00f3n mecanizada en olivar y almendro<\/b><span style=\"font-weight: 400;\">. Este tipo de m\u00e1quinas, llamadas<\/span><b> cabalgantes<\/b><span style=\"font-weight: 400;\">, pasan por encima de la hilera de \u00e1rboles, cubriendo por completo el tronco y las ramas del \u00e1rbol. El \u00e1rbol queda as\u00ed encajado en el hueco que queda entre las ruedas de la m\u00e1quina, formando una especie de t\u00fanel en el que se hacen vibrar las ramas para hacer caer el fruto que va a parar a unas tolvas situadas dentro de la m\u00e1quina.<\/span><\/p>\n<p>[\/et_pb_blurb][\/et_pb_column][et_pb_column type=&#8221;1_2&#8243; _builder_version=&#8221;4.9.7&#8243; _module_preset=&#8221;default&#8221; background_enable_image=&#8221;off&#8221;][et_pb_image src=&#8221;https:\/\/balam.es\/pt\/wp-content\/uploads\/2021\/06\/DJI_0583-1-scaled-1.jpg&#8221; title_text=&#8221;DJI_0583-1-scaled&#8221; _builder_version=&#8221;4.9.7&#8243; _module_preset=&#8221;default&#8221; sticky_limit_bottom=&#8221;row&#8221;][\/et_pb_image][\/et_pb_column][\/et_pb_row][et_pb_row column_structure=&#8221;1_2,1_2&#8243; make_equal=&#8221;on&#8221; _builder_version=&#8221;4.9.7&#8243; _module_preset=&#8221;default&#8221;][et_pb_column type=&#8221;1_2&#8243; _builder_version=&#8221;4.9.4&#8243; _module_preset=&#8221;default&#8221;][et_pb_blurb title=&#8221;Cultivos en seto&#8221; _builder_version=&#8221;4.9.7&#8243; _module_preset=&#8221;default&#8221; header_level=&#8221;h1&#8243; header_font=&#8221;|700||on|||||&#8221; header_text_align=&#8221;center&#8221; header_text_color=&#8221;#bf884f&#8221; header_font_size=&#8221;40px&#8221; body_text_align=&#8221;justify&#8221; body_text_color=&#8221;#000000&#8243; hover_enabled=&#8221;0&#8243; sticky_enabled=&#8221;0&#8243;][\/et_pb_blurb][et_pb_blurb _builder_version=&#8221;4.9.10&#8243; _module_preset=&#8221;default&#8221; header_level=&#8221;h1&#8243; header_font=&#8221;|700|||||||&#8221; header_font_size=&#8221;41px&#8221; body_text_align=&#8221;justify&#8221; body_text_color=&#8221;#000000&#8243; body_font_size=&#8221;16px&#8221; hover_enabled=&#8221;0&#8243; sticky_enabled=&#8221;0&#8243;]<\/p>\n<p><span style=\"color: #000000;\"><span style=\"font-weight: 400;\">Los olivos y almendros se plantan en hileras uniformes con unas separaciones entre ellas para que la m\u00e1quina pueda pasar. Esta forma de cultivo en forma de<\/span> <a href=\"https:\/\/balam.es\/pt\/plantaciones-olivar-en-seto\/\" style=\"color: #000000;\"><b>seto<\/b><\/a><span style=\"font-weight: 400;\"> est\u00e1 especialmente pensada para su mecanizaci\u00f3n. Las alturas de los \u00e1rboles y las distancias entre ellos est\u00e1n planificadas para la incorporaci\u00f3n de m\u00e1quinas a todas las fases del cultivo, incluyendo por supuesto la poda y la recolecci\u00f3n.<\/span><\/span><\/p>\n<p><span style=\"font-weight: 400;\">Estos cultivos superintensivos permiten una mecanizaci\u00f3n total, consiguiendo mantener unos niveles altos de producci\u00f3n y rentabilidad.<\/span><\/p>\n<p>[\/et_pb_blurb][\/et_pb_column][et_pb_column type=&#8221;1_2&#8243; _builder_version=&#8221;4.9.7&#8243; _module_preset=&#8221;default&#8221; background_enable_image=&#8221;off&#8221;][et_pb_image src=&#8221;https:\/\/balam.es\/pt\/wp-content\/uploads\/2021\/06\/DJI_0699-1-scaled-1.jpg&#8221; title_text=&#8221;DJI_0699-1-scaled&#8221; _builder_version=&#8221;4.9.7&#8243; _module_preset=&#8221;default&#8221; sticky_limit_bottom=&#8221;row&#8221;][\/et_pb_image][\/et_pb_column][\/et_pb_row][et_pb_row column_structure=&#8221;1_2,1_2&#8243; make_equal=&#8221;on&#8221; _builder_version=&#8221;4.9.7&#8243; _module_preset=&#8221;default&#8221;][et_pb_column type=&#8221;1_2&#8243; _builder_version=&#8221;4.9.4&#8243; _module_preset=&#8221;default&#8221;][et_pb_blurb title=&#8221;Recolecci\u00f3n mecanizada del olivar&#8221; _builder_version=&#8221;4.9.7&#8243; _module_preset=&#8221;default&#8221; header_level=&#8221;h1&#8243; header_font=&#8221;|700||on|||||&#8221; header_text_align=&#8221;center&#8221; header_text_color=&#8221;#bf884f&#8221; header_font_size=&#8221;40px&#8221; body_text_align=&#8221;justify&#8221; body_text_color=&#8221;#000000&#8243;][\/et_pb_blurb][et_pb_blurb _builder_version=&#8221;4.9.10&#8243; _module_preset=&#8221;default&#8221; header_level=&#8221;h1&#8243; header_font=&#8221;|700|||||||&#8221; header_font_size=&#8221;41px&#8221; body_text_align=&#8221;justify&#8221; body_text_color=&#8221;#000000&#8243; body_font_size=&#8221;16px&#8221; hover_enabled=&#8221;0&#8243; sticky_enabled=&#8221;0&#8243;]<\/p>\n<p><span style=\"font-weight: 400;\">La<\/span><b> recolecci\u00f3n mecanizada del olivar<\/b><span style=\"font-weight: 400;\"> superintensivo se realiza mediante un tipo especial de m\u00e1quina cabalgante. En <\/span><b>Balam Services <\/b><span style=\"font-weight: 400;\">contamos con m\u00e1quinas cabalgantes de \u00faltima tecnolog\u00eda que permiten obtener muy altos niveles de producci\u00f3n con unos costes muy controlados. Nuestra maquinaria es muy respetuosa con el \u00e1rbol y est\u00e1 operada por un profesional formado y cualificado que le permitir\u00e1 coger todo el fruto sin afectar al olivo.<\/span><\/p>\n<p>[\/et_pb_blurb][\/et_pb_column][et_pb_column type=&#8221;1_2&#8243; _builder_version=&#8221;4.9.7&#8243; _module_preset=&#8221;default&#8221; background_enable_image=&#8221;off&#8221;][et_pb_image src=&#8221;https:\/\/balam.es\/pt\/wp-content\/uploads\/2021\/06\/IMG-20190731-WA0000.jpg&#8221; title_text=&#8221;IMG-20190731-WA0000&#8243; _builder_version=&#8221;4.9.7&#8243; _module_preset=&#8221;default&#8221; sticky_limit_bottom=&#8221;row&#8221;][\/et_pb_image][\/et_pb_column][\/et_pb_row][et_pb_row column_structure=&#8221;1_2,1_2&#8243; make_equal=&#8221;on&#8221; _builder_version=&#8221;4.9.7&#8243; _module_preset=&#8221;default&#8221;][et_pb_column type=&#8221;1_2&#8243; _builder_version=&#8221;4.9.4&#8243; _module_preset=&#8221;default&#8221;][et_pb_blurb title=&#8221;Recolecci\u00f3n mecanizada del almendro&#8221; _builder_version=&#8221;4.9.7&#8243; _module_preset=&#8221;default&#8221; header_level=&#8221;h1&#8243; header_font=&#8221;|700||on|||||&#8221; header_text_align=&#8221;center&#8221; header_text_color=&#8221;#bf884f&#8221; header_font_size=&#8221;40px&#8221; body_text_align=&#8221;justify&#8221; body_text_color=&#8221;#000000&#8243;][\/et_pb_blurb][et_pb_blurb _builder_version=&#8221;4.9.10&#8243; _module_preset=&#8221;default&#8221; header_level=&#8221;h1&#8243; header_font=&#8221;|700|||||||&#8221; header_font_size=&#8221;41px&#8221; body_text_align=&#8221;justify&#8221; body_text_color=&#8221;#000000&#8243; body_font_size=&#8221;16px&#8221; hover_enabled=&#8221;0&#8243; sticky_enabled=&#8221;0&#8243;]<\/p>\n<p><span style=\"font-weight: 400;\">En el caso del <\/span><b>almendro en seto<\/b><span style=\"font-weight: 400;\">, tambi\u00e9n puede cosecharse con una <\/span><b>maquinaria tipo cabalgante<\/b><span style=\"font-weight: 400;\">. El fruto es agitado en el interior de la m\u00e1quina y se deposita en las diferentes tolvas cosechando en continuo.<\/span><\/p>\n<p><span style=\"font-weight: 400;\">En <\/span><b>Balam <\/b><span style=\"font-weight: 400;\">disponemos de m\u00e1quinas cabalgantes de \u00faltima generaci\u00f3n y de los operarios cualificados necesarios para la recolecci\u00f3n de sus almendros.<\/span><\/p>\n<p><span style=\"font-weight: 400;\">Con la recolecci\u00f3n mecanizada conseguimos reducir los costes de nuestra plantaci\u00f3n, evitando depender de la recolecci\u00f3n manual y\u00a0 optimizando la log\u00edstica, producci\u00f3n y rentabilidad de nuestra explotaci\u00f3n.<\/span><\/p>\n<p>[\/et_pb_blurb][\/et_pb_column][et_pb_column type=&#8221;1_2&#8243; _builder_version=&#8221;4.9.7&#8243; _module_preset=&#8221;default&#8221; background_enable_image=&#8221;off&#8221;][et_pb_image src=&#8221;https:\/\/balam.es\/pt\/wp-content\/uploads\/2021\/06\/DJI_0699-1-scaled-1.jpg&#8221; title_text=&#8221;DJI_0699-1-scaled&#8221; _builder_version=&#8221;4.9.7&#8243; _module_preset=&#8221;default&#8221; sticky_limit_bottom=&#8221;row&#8221;][\/et_pb_image][\/et_pb_column][\/et_pb_row][\/et_pb_section]<\/p>\n","protected":false},"excerpt":{"rendered":"<p><div class=\"et_pb_module dsm_breadcrumbs dsm_breadcrumbs_0\">\n\t\t\t\t\n\t\t\t\t\n\t\t\t\t\n\t\t\t\t\n\t\t\t\t<div class=\"et_pb_module_inner\">\n\t\t\t\t\t<nav class=\"dsm_breadcrumbs_wrap\" role=\"navigation\" itemscope=\"\" itemtype=\"http:\/\/schema.org\/SiteNavigationElement\">\n\t\t\t\t<ul class=\"dsm_breadcrumbs\">\n\t\t\t<li class='dsm_breadcrumbs_item dsm_home_item dsm_home_item_custom'>\n\t\t\t\t<a href=\"https:\/\/balam.es\/pt\" itemprop=\"url\">\n\t\t\t\t\t<span class='dsm_home_text_wrapper'>\n\t\t\t\t\t\t\t\t\t\t\t\t\t<span class=\"et-pb-icon dsm_home_icon\">&#x42;<\/span>\n\t\t\t\t\t\t\t\t\t\t\t\t\t<span class=\"dsm_home_text\" itemprop=\"name\">\n\t\t\t\t\t\t\t\tbalam.es\t\t\t\t\t\t\t<\/span>\n\t\t\t\t\t<\/span>\n\t\t\t\t<\/a>\n\t\t\t<\/li>\n\n\t\t<\/ul>\n\t\t\t<\/nav>\n\t\t\t\t<\/div>\n\t\t\t<\/div>La agricultura moderna est\u00e1 caracterizada por una gran implantaci\u00f3n tecnol\u00f3gica. Para poder competir en unos mercados cada d\u00eda m\u00e1s complejos y globales, es necesario tener bajo control todas las partidas de gastos de una explotaci\u00f3n. Cuando hablamos de cultivos le\u00f1osos como el olivar o el almendro la [&hellip;]<\/p>\n","protected":false},"author":1,"featured_media":0,"parent":1969,"menu_order":0,"comment_status":"closed","ping_status":"closed","template":"","meta":{"_et_pb_use_builder":"on","_et_pb_old_content":"<!-- wp:divi\/placeholder \/-->","_et_gb_content_width":"","footnotes":""},"class_list":["post-1979","page","type-page","status-publish","hentry"],"aioseo_notices":[],"_links":{"self":[{"href":"https:\/\/balam.es\/pt\/wp-json\/wp\/v2\/pages\/1979","targetHints":{"allow":["GET"]}}],"collection":[{"href":"https:\/\/balam.es\/pt\/wp-json\/wp\/v2\/pages"}],"about":[{"href":"https:\/\/balam.es\/pt\/wp-json\/wp\/v2\/types\/page"}],"author":[{"embeddable":true,"href":"https:\/\/balam.es\/pt\/wp-json\/wp\/v2\/users\/1"}],"replies":[{"embeddable":true,"href":"https:\/\/balam.es\/pt\/wp-json\/wp\/v2\/comments?post=1979"}],"version-history":[{"count":0,"href":"https:\/\/balam.es\/pt\/wp-json\/wp\/v2\/pages\/1979\/revisions"}],"up":[{"embeddable":true,"href":"https:\/\/balam.es\/pt\/wp-json\/wp\/v2\/pages\/1969"}],"wp:attachment":[{"href":"https:\/\/balam.es\/pt\/wp-json\/wp\/v2\/media?parent=1979"}],"curies":[{"name":"wp","href":"https:\/\/api.w.org\/{rel}","templated":true}]}}