{"id":1968,"date":"2021-06-07T08:52:17","date_gmt":"2021-06-07T08:52:17","guid":{"rendered":"https:\/\/balam.es\/?page_id=1968"},"modified":"2021-09-01T07:27:20","modified_gmt":"2021-09-01T07:27:20","slug":"idi","status":"publish","type":"page","link":"https:\/\/balam.es\/pt\/idi\/","title":{"rendered":"I+D+I"},"content":{"rendered":"<p>[et_pb_section fb_built=&#8221;1&#8243; _builder_version=&#8221;4.9.4&#8243; _module_preset=&#8221;default&#8221; custom_padding=&#8221;19px||4px|||&#8221; da_disable_devices=&#8221;off|off|off&#8221; global_colors_info=&#8221;{}&#8221; da_is_popup=&#8221;off&#8221; da_exit_intent=&#8221;off&#8221; da_has_close=&#8221;on&#8221; da_alt_close=&#8221;off&#8221; da_dark_close=&#8221;off&#8221; da_not_modal=&#8221;on&#8221; da_is_singular=&#8221;off&#8221; da_with_loader=&#8221;off&#8221; da_has_shadow=&#8221;on&#8221;][et_pb_row _builder_version=&#8221;4.9.4&#8243; _module_preset=&#8221;default&#8221; custom_margin=&#8221;-16px|auto||auto||&#8221; custom_padding=&#8221;10px||16px|||&#8221; locked=&#8221;off&#8221; global_colors_info=&#8221;{}&#8221;][et_pb_column type=&#8221;4_4&#8243; _builder_version=&#8221;4.9.4&#8243; _module_preset=&#8221;default&#8221; global_colors_info=&#8221;{}&#8221;][dsm_breadcrumbs home_text=&#8221;balam.es&#8221; home_icon=&#8221;%%33%%&#8221; separator_icon=&#8221;%%36%%&#8221; align=&#8221;center&#8221; items_bg_color=&#8221;#FFFFFF&#8221; _builder_version=&#8221;4.9.4&#8243; _module_preset=&#8221;default&#8221; items_text_color=&#8221;#000000&#8243; global_colors_info=&#8221;{}&#8221;][\/dsm_breadcrumbs][\/et_pb_column][\/et_pb_row][et_pb_row _builder_version=&#8221;4.9.7&#8243; _module_preset=&#8221;default&#8221; global_colors_info=&#8221;{}&#8221;][et_pb_column type=&#8221;4_4&#8243; _builder_version=&#8221;4.9.7&#8243; _module_preset=&#8221;default&#8221; global_colors_info=&#8221;{}&#8221;][et_pb_blurb title=&#8221;I + D + i  EN AGRICULTURA&#8221; content_max_width=&#8221;1100px&#8221; _builder_version=&#8221;4.9.10&#8243; _module_preset=&#8221;default&#8221; header_level=&#8221;h1&#8243; header_font=&#8221;|700|||||||&#8221; header_text_align=&#8221;center&#8221; header_text_color=&#8221;#cd161a&#8221; header_font_size=&#8221;40px&#8221; body_text_color=&#8221;#000000&#8243; body_font_size=&#8221;16px&#8221; locked=&#8221;off&#8221; global_colors_info=&#8221;{}&#8221;][\/et_pb_blurb][\/et_pb_column][\/et_pb_row][et_pb_row column_structure=&#8221;3_5,2_5&#8243; make_equal=&#8221;on&#8221; _builder_version=&#8221;4.9.10&#8243; _module_preset=&#8221;default&#8221; global_colors_info=&#8221;{}&#8221;][et_pb_column type=&#8221;3_5&#8243; _builder_version=&#8221;4.9.10&#8243; _module_preset=&#8221;default&#8221; global_colors_info=&#8221;{}&#8221;][et_pb_image src=&#8221;https:\/\/balam.es\/pt\/wp-content\/uploads\/2021\/04\/DJI_0043-2-1-scaled.jpg&#8221; alt=&#8221;Finca Balam El Valenciano&#8221; title_text=&#8221;Finca Balam El Valenciano&#8221; _builder_version=&#8221;4.9.10&#8243; _module_preset=&#8221;default&#8221; global_colors_info=&#8221;{}&#8221;][\/et_pb_image][\/et_pb_column][et_pb_column type=&#8221;2_5&#8243; _builder_version=&#8221;4.9.10&#8243; _module_preset=&#8221;default&#8221; custom_css_before=&#8221;\t||align-items: center;&#8221; custom_css_main_element=&#8221;\t||align-items: center;&#8221; custom_css_after=&#8221;\t||align-items: center;&#8221; global_colors_info=&#8221;{}&#8221;][et_pb_blurb content_max_width=&#8221;1100px&#8221; _builder_version=&#8221;4.9.11&#8243; _module_preset=&#8221;default&#8221; header_level=&#8221;h1&#8243; header_font=&#8221;|700|||||||&#8221; header_text_align=&#8221;center&#8221; header_text_color=&#8221;#cd161a&#8221; body_text_align=&#8221;justify&#8221; body_text_color=&#8221;#000000&#8243; body_font_size=&#8221;16px&#8221; custom_css_main_element=&#8221;\t||align-items: center;&#8221; global_colors_info=&#8221;{}&#8221;]<\/p>\n<p style=\"text-align: justify;\"><span style=\"font-weight: 400;\">Fieles a nuestras se\u00f1as de identidad, en <strong>Balam Agriculture apostamos continuamente por la innovaci\u00f3n<\/strong>, lo que nos permite disponer \u00a0de la m\u00e1s avanzada <strong>tecnolog\u00eda <\/strong>con el fin de \u00a0<strong>ofrecer<\/strong> a nuestros clientes <strong>las \u00a0t\u00e9cnicas m\u00e1s novedosas de plantaci\u00f3n mecanizada, nutrici\u00f3n, poda, recolecci\u00f3n cabalgante, optimizaci\u00f3n de recursos h\u00eddricos y energ\u00e9ticos, etc<\/strong>.<\/span><\/p>\n<p>[\/et_pb_blurb][et_pb_button button_url=&#8221;#lead&#8221; button_text=&#8221;CONT\u00c1CTANOS&#8221; button_alignment=&#8221;center&#8221; _builder_version=&#8221;4.9.7&#8243; _module_preset=&#8221;default&#8221; custom_button=&#8221;on&#8221; button_text_size=&#8221;17px&#8221; button_text_color=&#8221;#FFFFFF&#8221; button_bg_color=&#8221;#000000&#8243; button_border_width=&#8221;0px&#8221; button_border_radius=&#8221;0px&#8221; button_use_icon=&#8221;off&#8221; custom_padding=&#8221;20px|58px|20px|58px|true|false&#8221; animation_style=&#8221;bounce&#8221; global_colors_info=&#8221;{}&#8221;][\/et_pb_button][\/et_pb_column][\/et_pb_row][\/et_pb_section][et_pb_section fb_built=&#8221;1&#8243; _builder_version=&#8221;4.9.7&#8243; _module_preset=&#8221;default&#8221; background_color=&#8221;#CD161A&#8221; custom_padding=&#8221;22px|||||&#8221; da_disable_devices=&#8221;off|off|off&#8221; global_colors_info=&#8221;{}&#8221; da_is_popup=&#8221;off&#8221; da_exit_intent=&#8221;off&#8221; da_has_close=&#8221;on&#8221; da_alt_close=&#8221;off&#8221; da_dark_close=&#8221;off&#8221; da_not_modal=&#8221;on&#8221; da_is_singular=&#8221;off&#8221; da_with_loader=&#8221;off&#8221; da_has_shadow=&#8221;on&#8221;][et_pb_row _builder_version=&#8221;4.9.7&#8243; _module_preset=&#8221;default&#8221; global_colors_info=&#8221;{}&#8221;][et_pb_column type=&#8221;4_4&#8243; _builder_version=&#8221;4.9.7&#8243; _module_preset=&#8221;default&#8221; global_colors_info=&#8221;{}&#8221;][et_pb_text _builder_version=&#8221;4.9.7&#8243; _module_preset=&#8221;default&#8221; text_font=&#8221;|300|||||||&#8221; text_text_color=&#8221;#FFFFFF&#8221; text_font_size=&#8221;34px&#8221; global_colors_info=&#8221;{}&#8221;]<\/p>\n<p style=\"text-align: center;\"><em>La <strong>innovaci\u00f3n<\/strong> es el eje transversal de todos nuestros proyectos<\/em><\/p>\n<p>[\/et_pb_text][\/et_pb_column][\/et_pb_row][\/et_pb_section][et_pb_section fb_built=&#8221;1&#8243; _builder_version=&#8221;4.9.7&#8243; _module_preset=&#8221;default&#8221; background_color=&#8221;#FFFFFF&#8221; custom_padding=&#8221;22px|||||&#8221; da_disable_devices=&#8221;off|off|off&#8221; global_colors_info=&#8221;{}&#8221; da_is_popup=&#8221;off&#8221; da_exit_intent=&#8221;off&#8221; da_has_close=&#8221;on&#8221; da_alt_close=&#8221;off&#8221; da_dark_close=&#8221;off&#8221; da_not_modal=&#8221;on&#8221; da_is_singular=&#8221;off&#8221; da_with_loader=&#8221;off&#8221; da_has_shadow=&#8221;on&#8221;][et_pb_row _builder_version=&#8221;4.9.7&#8243; _module_preset=&#8221;default&#8221; global_colors_info=&#8221;{}&#8221;][et_pb_column type=&#8221;4_4&#8243; _builder_version=&#8221;4.9.7&#8243; _module_preset=&#8221;default&#8221; global_colors_info=&#8221;{}&#8221;][et_pb_text _builder_version=&#8221;4.10.5&#8243; _module_preset=&#8221;default&#8221; text_text_color=&#8221;#000000&#8243; text_font_size=&#8221;16px&#8221; text_orientation=&#8221;justified&#8221; hover_enabled=&#8221;0&#8243; global_colors_info=&#8221;{}&#8221; sticky_enabled=&#8221;0&#8243;]<\/p>\n<p>En nuestro departamento de Investigaci\u00f3n y Desarrollo, <strong>Balam I+D+i,<\/strong> tenemos cuatro \u00e1reas principales de investigaci\u00f3n:<\/p>\n<ul>\n<li>Mejora Gen\u00e9tica<\/li>\n<li>Optimizaci\u00f3n y gesti\u00f3n Sostenible de recursos<\/li>\n<li>Agrotecnolog\u00eda<\/li>\n<li>Biodiversidad y econom\u00eda circular<\/li>\n<\/ul>\n<p>Una larga y experimentada trayectoria de colaboraci\u00f3n p\u00fablico-privada nos ha permitido implementar proyectos junto con 23 socios, alrededor de 7 pa\u00edses, sumando un valor total de 30M \u20ac.<\/p>\n<p>Dentro de estas l\u00edneas contamos con diferentes convenios de colaboraci\u00f3n y consorcios con universidades y empresas, nacionales e internacionales, de diversas \u00e1reas que nos hacen competitivos tanto en proyectos propios como incentivados.<\/p>\n<p><strong>La innovaci\u00f3n es la base del negocio de Balam<\/strong>, el eje de su sostenibilidad como compa\u00f1\u00eda y la clave de la diferenciaci\u00f3n de su oferta de soluciones y servicios.<\/p>\n<p>El objetivo de Balam I+D+i es optimizar los recursos de nuestros clientes y, de esta forma, alcanzar la m\u00e1xima eficiencia y eficacia en los tratamientos aplicados mediante nuestros servicios agr\u00edcolas. Le asesoramos con la finalidad de optimizar sus recursos y renovar nuestros conocimientos t\u00e9cnicos.<\/p>\n<p>Al igual que con las plantaciones de olivar, almendro, pistacho, nogales y c\u00edtricos, nuestro departamento de I+D+i trabaja persistentemente para poder adecuar las distintas variedades, patrones y marcos a la tierra de nuestros agricultores, obteniendo de esta forma la mayor producci\u00f3n posible reduciendo los costes.<\/p>\n<p>[\/et_pb_text][\/et_pb_column][\/et_pb_row][\/et_pb_section]<\/p>\n","protected":false},"excerpt":{"rendered":"<p><div class=\"et_pb_module dsm_breadcrumbs dsm_breadcrumbs_0\">\n\t\t\t\t\n\t\t\t\t\n\t\t\t\t\n\t\t\t\t\n\t\t\t\t<div class=\"et_pb_module_inner\">\n\t\t\t\t\t<nav class=\"dsm_breadcrumbs_wrap\" role=\"navigation\" itemscope=\"\" itemtype=\"http:\/\/schema.org\/SiteNavigationElement\">\n\t\t\t\t<ul class=\"dsm_breadcrumbs\">\n\t\t\t<li class='dsm_breadcrumbs_item dsm_home_item dsm_home_item_custom'>\n\t\t\t\t<a href=\"https:\/\/balam.es\/pt\" itemprop=\"url\">\n\t\t\t\t\t<span class='dsm_home_text_wrapper'>\n\t\t\t\t\t\t\t\t\t\t\t\t\t<span class=\"et-pb-icon dsm_home_icon\">&#x42;<\/span>\n\t\t\t\t\t\t\t\t\t\t\t\t\t<span class=\"dsm_home_text\" itemprop=\"name\">\n\t\t\t\t\t\t\t\tbalam.es\t\t\t\t\t\t\t<\/span>\n\t\t\t\t\t<\/span>\n\t\t\t\t<\/a>\n\t\t\t<\/li>\n\n\t\t<\/ul>\n\t\t\t<\/nav>\n\t\t\t\t<\/div>\n\t\t\t<\/div>Fieles a nuestras se\u00f1as de identidad, en Balam Agriculture apostamos continuamente por la innovaci\u00f3n, lo que nos permite disponer \u00a0de la m\u00e1s avanzada tecnolog\u00eda con el fin de \u00a0ofrecer a nuestros clientes las \u00a0t\u00e9cnicas m\u00e1s novedosas de plantaci\u00f3n mecanizada, nutrici\u00f3n, poda, recolecci\u00f3n cabalgante, optimizaci\u00f3n de recursos [&hellip;]<\/p>\n","protected":false},"author":1,"featured_media":0,"parent":0,"menu_order":0,"comment_status":"closed","ping_status":"closed","template":"","meta":{"_et_pb_use_builder":"on","_et_pb_old_content":"","_et_gb_content_width":"","footnotes":""},"class_list":["post-1968","page","type-page","status-publish","hentry"],"aioseo_notices":[],"_links":{"self":[{"href":"https:\/\/balam.es\/pt\/wp-json\/wp\/v2\/pages\/1968","targetHints":{"allow":["GET"]}}],"collection":[{"href":"https:\/\/balam.es\/pt\/wp-json\/wp\/v2\/pages"}],"about":[{"href":"https:\/\/balam.es\/pt\/wp-json\/wp\/v2\/types\/page"}],"author":[{"embeddable":true,"href":"https:\/\/balam.es\/pt\/wp-json\/wp\/v2\/users\/1"}],"replies":[{"embeddable":true,"href":"https:\/\/balam.es\/pt\/wp-json\/wp\/v2\/comments?post=1968"}],"version-history":[{"count":0,"href":"https:\/\/balam.es\/pt\/wp-json\/wp\/v2\/pages\/1968\/revisions"}],"wp:attachment":[{"href":"https:\/\/balam.es\/pt\/wp-json\/wp\/v2\/media?parent=1968"}],"curies":[{"name":"wp","href":"https:\/\/api.w.org\/{rel}","templated":true}]}}