{"id":1956,"date":"2021-06-01T10:50:00","date_gmt":"2021-06-01T10:50:00","guid":{"rendered":"https:\/\/balam.es\/?page_id=1956"},"modified":"2021-10-21T07:39:41","modified_gmt":"2021-10-21T07:39:41","slug":"instalacoes-de-irrigacao","status":"publish","type":"page","link":"https:\/\/balam.es\/pt\/aqua\/instalacoes-de-irrigacao\/","title":{"rendered":"Instala\u00e7\u00f5es de irriga\u00e7\u00e3o"},"content":{"rendered":"<p>[et_pb_section fb_built=&#8221;1&#8243; _builder_version=&#8221;4.9.4&#8243; _module_preset=&#8221;default&#8221; custom_padding=&#8221;13px|||||&#8221; da_disable_devices=&#8221;off|off|off&#8221; global_colors_info=&#8221;{}&#8221; da_is_popup=&#8221;off&#8221; da_exit_intent=&#8221;off&#8221; da_has_close=&#8221;on&#8221; da_alt_close=&#8221;off&#8221; da_dark_close=&#8221;off&#8221; da_not_modal=&#8221;on&#8221; da_is_singular=&#8221;off&#8221; da_with_loader=&#8221;off&#8221; da_has_shadow=&#8221;on&#8221;][et_pb_row _builder_version=&#8221;4.9.4&#8243; _module_preset=&#8221;default&#8221; custom_padding=&#8221;10px|||||&#8221; global_colors_info=&#8221;{}&#8221;][et_pb_column type=&#8221;4_4&#8243; _builder_version=&#8221;4.9.4&#8243; _module_preset=&#8221;default&#8221; global_colors_info=&#8221;{}&#8221;][dsm_breadcrumbs home_text=&#8221;balam.es&#8221; home_icon=&#8221;%%33%%&#8221; separator_icon=&#8221;%%36%%&#8221; align=&#8221;center&#8221; items_bg_color=&#8221;#FFFFFF&#8221; _builder_version=&#8221;4.9.4&#8243; _module_preset=&#8221;default&#8221; items_text_color=&#8221;#000000&#8243; global_colors_info=&#8221;{}&#8221;][\/dsm_breadcrumbs][\/et_pb_column][\/et_pb_row][et_pb_row column_structure=&#8221;1_2,1_2&#8243; make_equal=&#8221;on&#8221; _builder_version=&#8221;4.9.7&#8243; _module_preset=&#8221;default&#8221; global_colors_info=&#8221;{}&#8221;][et_pb_column type=&#8221;1_2&#8243; _builder_version=&#8221;4.9.4&#8243; _module_preset=&#8221;default&#8221; global_colors_info=&#8221;{}&#8221;][et_pb_blurb title=&#8221;Instalaciones de riego&#8221; _builder_version=&#8221;4.9.7&#8243; _module_preset=&#8221;default&#8221; header_level=&#8221;h1&#8243; header_font=&#8221;|700||on|||||&#8221; header_text_align=&#8221;center&#8221; header_text_color=&#8221;#2ec4b6&#8243; header_font_size=&#8221;40px&#8221; body_text_align=&#8221;justify&#8221; body_text_color=&#8221;#000000&#8243; global_colors_info=&#8221;{}&#8221;]<\/p>\n<p><span style=\"font-weight: 400;\"><\/span><\/p>\n<p><span style=\"font-weight: 400;\">En Balam Aqua somos especialistas en la instalaci\u00f3n de <\/span><b>sistemas de riego.<\/b><span style=\"font-weight: 400;\"> Como empresa de ingenier\u00eda agr\u00edcola que presta un servicio integral a las explotaciones agr\u00edcolas, hemos desarrollado un importante departamento de instalaciones de riego, ya que esta es una de las formas de incrementar sustancialmente la producci\u00f3n de la agricultura tradicional.<\/span><\/p>\n<p><span style=\"font-weight: 400;\">Somos especialistas en cultivos de <\/span><b>almendros y olivar.<\/b><span style=\"font-weight: 400;\"> Uno de los servicios m\u00e1s demandados es la puesta en explotaci\u00f3n desde cero de cultivos superintensivos de olivo y de almendro. Tambi\u00e9n la mejora y puesta en valor de cultivos existentes, como la transformaci\u00f3n de cultivos de secano en regad\u00edo.<\/span><\/p>\n<p><span style=\"font-weight: 400;\">Nuestro equipo multidisciplinar abarca todas las fases necesarias: la ingenier\u00eda y planificaci\u00f3n de las instalaciones de riego agr\u00edcola y la fase de ejecuci\u00f3n, es decir, la instalaci\u00f3n del sistema de riego dise\u00f1ado, que es lo que ahora veremos aqu\u00ed.<\/span><\/p>\n<p>[\/et_pb_blurb][et_pb_button button_url=&#8221;#lead&#8221; button_text=&#8221;CONT\u00c1CTANOS&#8221; button_alignment=&#8221;center&#8221; _builder_version=&#8221;4.9.7&#8243; _module_preset=&#8221;default&#8221; custom_button=&#8221;on&#8221; button_text_size=&#8221;17px&#8221; button_text_color=&#8221;#FFFFFF&#8221; button_bg_color=&#8221;#000000&#8243; button_border_width=&#8221;0px&#8221; button_border_radius=&#8221;0px&#8221; button_use_icon=&#8221;off&#8221; custom_padding=&#8221;20px|58px|20px|58px|true|true&#8221; animation_style=&#8221;bounce&#8221; global_colors_info=&#8221;{}&#8221; locked=&#8221;off&#8221;][\/et_pb_button][\/et_pb_column][et_pb_column type=&#8221;1_2&#8243; _builder_version=&#8221;4.9.7&#8243; _module_preset=&#8221;default&#8221; background_image=&#8221;https:\/\/balam.es\/pt\/wp-content\/uploads\/2021\/06\/instalacion-de-riego-1.jpeg&#8221; global_colors_info=&#8221;{}&#8221;][et_pb_image src=&#8221;https:\/\/balam.es\/pt\/wp-content\/uploads\/2021\/06\/instalacion-de-riego-1.jpeg&#8221; title_text=&#8221;instalaci\u00f3n de riego (1)&#8221; disabled_on=&#8221;off|off|on&#8221; _builder_version=&#8221;4.9.7&#8243; _module_preset=&#8221;default&#8221; global_colors_info=&#8221;{}&#8221;][\/et_pb_image][\/et_pb_column][\/et_pb_row][et_pb_row column_structure=&#8221;1_2,1_2&#8243; _builder_version=&#8221;4.9.7&#8243; _module_preset=&#8221;default&#8221; global_colors_info=&#8221;{}&#8221;][et_pb_column type=&#8221;1_2&#8243; _builder_version=&#8221;4.9.7&#8243; _module_preset=&#8221;default&#8221; global_colors_info=&#8221;{}&#8221;][et_pb_blurb title=&#8221;Instalaci\u00f3n de sistemas de riego por goteo&#8221; _builder_version=&#8221;4.9.7&#8243; _module_preset=&#8221;default&#8221; header_level=&#8221;h1&#8243; header_font=&#8221;|700||on|||||&#8221; header_text_align=&#8221;center&#8221; header_text_color=&#8221;#2ec4b6&#8243; header_font_size=&#8221;40px&#8221; body_text_align=&#8221;justify&#8221; body_text_color=&#8221;#000000&#8243; global_colors_info=&#8221;{}&#8221;]<\/p>\n<p><span style=\"font-weight: 400;\"><\/span><\/p>\n<p><span style=\"font-weight: 400;\">El sistema de <\/span><b>riego por goteo<\/b><span style=\"font-weight: 400;\"> es uno de los riegos m\u00e1s empleados, muy presente en los cultivos le\u00f1osos. En el riego por goteo se consiguen unos altos niveles de eficiencia. El agua se aporta, mediante un tubo flexible que recorre toda la fila de \u00e1rboles, de forma individual a cada planta, y se suministra poco a poco para asegurar que toda es aprovechada por la planta.<\/span><\/p>\n<p><span style=\"font-weight: 400;\">La instalaci\u00f3n de riego por goteo puede ir por la <\/span><b>superficie o enterrada.<\/b><span style=\"font-weight: 400;\"> En la instalaci\u00f3n superficial va alineada con los troncos de los \u00e1rboles. En la enterrada, adem\u00e1s conseguimos acercar el agua y nutrientes a la ra\u00edz, eliminado la evaporaci\u00f3n<\/span><\/p>\n<p><span style=\"font-weight: 400;\">Normalmente esta instalaci\u00f3n posee una tuber\u00eda general que conduce el agua y la distribuye por toda la plantaci\u00f3n entre otros\u00a0 peque\u00f1os tubos denominados tuber\u00edas portagoteros que aportan el agua a cada uno de los \u00e1rboles. Para que el agua llegue a la planta con la cantidad y calidad necesarias, habr\u00e1 que instalar un equipo de bombeo, un filtrado, un equipo de abonado, unos cuadros el\u00e9ctricos de maniobra y protecci\u00f3n de todos estos equipos y un sistema de telecontrol o automatizaci\u00f3n, que nos permitir\u00e1 ahorrar tiempo y mano de obra<\/span><\/p>\n<p>[\/et_pb_blurb][\/et_pb_column][et_pb_column type=&#8221;1_2&#8243; _builder_version=&#8221;4.9.7&#8243; _module_preset=&#8221;default&#8221; global_colors_info=&#8221;{}&#8221;][dipl_masonry_gallery image_ids=&#8221;2383,2387,2381,2344,2328,2310,2304,2306,2308,2316,2323,2379,2372&#8243; enable_lightbox=&#8221;on&#8221; _builder_version=&#8221;4.9.7&#8243; _module_preset=&#8221;default&#8221; global_colors_info=&#8221;{}&#8221;][\/dipl_masonry_gallery][\/et_pb_column][\/et_pb_row][\/et_pb_section]<\/p>\n","protected":false},"excerpt":{"rendered":"<p><div class=\"et_pb_module dsm_breadcrumbs dsm_breadcrumbs_0\">\n\t\t\t\t\n\t\t\t\t\n\t\t\t\t\n\t\t\t\t\n\t\t\t\t<div class=\"et_pb_module_inner\">\n\t\t\t\t\t<nav class=\"dsm_breadcrumbs_wrap\" role=\"navigation\" itemscope=\"\" itemtype=\"http:\/\/schema.org\/SiteNavigationElement\">\n\t\t\t\t<ul class=\"dsm_breadcrumbs\">\n\t\t\t<li class='dsm_breadcrumbs_item dsm_home_item dsm_home_item_custom'>\n\t\t\t\t<a href=\"https:\/\/balam.es\/pt\" itemprop=\"url\">\n\t\t\t\t\t<span class='dsm_home_text_wrapper'>\n\t\t\t\t\t\t\t\t\t\t\t\t\t<span class=\"et-pb-icon dsm_home_icon\">&#x42;<\/span>\n\t\t\t\t\t\t\t\t\t\t\t\t\t<span class=\"dsm_home_text\" itemprop=\"name\">\n\t\t\t\t\t\t\t\tbalam.es\t\t\t\t\t\t\t<\/span>\n\t\t\t\t\t<\/span>\n\t\t\t\t<\/a>\n\t\t\t<\/li>\n\n\t\t<\/ul>\n\t\t\t<\/nav>\n\t\t\t\t<\/div>\n\t\t\t<\/div> En Balam Aqua somos especialistas en la instalaci\u00f3n de sistemas de riego. Como empresa de ingenier\u00eda agr\u00edcola que presta un servicio integral a las explotaciones agr\u00edcolas, hemos desarrollado un importante departamento de instalaciones de riego, ya que esta es una de las formas de incrementar [&hellip;]<\/p>\n","protected":false},"author":1,"featured_media":0,"parent":1923,"menu_order":0,"comment_status":"closed","ping_status":"closed","template":"","meta":{"_et_pb_use_builder":"on","_et_pb_old_content":"<!-- wp:divi\/placeholder \/-->","_et_gb_content_width":"","footnotes":""},"class_list":["post-1956","page","type-page","status-publish","hentry"],"aioseo_notices":[],"_links":{"self":[{"href":"https:\/\/balam.es\/pt\/wp-json\/wp\/v2\/pages\/1956","targetHints":{"allow":["GET"]}}],"collection":[{"href":"https:\/\/balam.es\/pt\/wp-json\/wp\/v2\/pages"}],"about":[{"href":"https:\/\/balam.es\/pt\/wp-json\/wp\/v2\/types\/page"}],"author":[{"embeddable":true,"href":"https:\/\/balam.es\/pt\/wp-json\/wp\/v2\/users\/1"}],"replies":[{"embeddable":true,"href":"https:\/\/balam.es\/pt\/wp-json\/wp\/v2\/comments?post=1956"}],"version-history":[{"count":0,"href":"https:\/\/balam.es\/pt\/wp-json\/wp\/v2\/pages\/1956\/revisions"}],"up":[{"embeddable":true,"href":"https:\/\/balam.es\/pt\/wp-json\/wp\/v2\/pages\/1923"}],"wp:attachment":[{"href":"https:\/\/balam.es\/pt\/wp-json\/wp\/v2\/media?parent=1956"}],"curies":[{"name":"wp","href":"https:\/\/api.w.org\/{rel}","templated":true}]}}