{"id":1942,"date":"2021-06-01T10:28:29","date_gmt":"2021-06-01T10:28:29","guid":{"rendered":"https:\/\/balam.es\/?page_id=1942"},"modified":"2021-10-21T07:39:27","modified_gmt":"2021-10-21T07:39:27","slug":"projeto-de-sistemas-de-irrigacao","status":"publish","type":"page","link":"https:\/\/balam.es\/pt\/aqua\/projeto-de-sistemas-de-irrigacao\/","title":{"rendered":"Projeto de sistemas de irriga\u00e7\u00e3o"},"content":{"rendered":"<p>[et_pb_section fb_built=&#8221;1&#8243; _builder_version=&#8221;4.9.4&#8243; _module_preset=&#8221;default&#8221; custom_padding=&#8221;13px|||||&#8221; da_disable_devices=&#8221;off|off|off&#8221; global_colors_info=&#8221;{}&#8221; da_is_popup=&#8221;off&#8221; da_exit_intent=&#8221;off&#8221; da_has_close=&#8221;on&#8221; da_alt_close=&#8221;off&#8221; da_dark_close=&#8221;off&#8221; da_not_modal=&#8221;on&#8221; da_is_singular=&#8221;off&#8221; da_with_loader=&#8221;off&#8221; da_has_shadow=&#8221;on&#8221;][et_pb_row _builder_version=&#8221;4.9.4&#8243; _module_preset=&#8221;default&#8221; custom_padding=&#8221;10px|||||&#8221; global_colors_info=&#8221;{}&#8221;][et_pb_column type=&#8221;4_4&#8243; _builder_version=&#8221;4.9.4&#8243; _module_preset=&#8221;default&#8221; hover_enabled=&#8221;0&#8243; global_colors_info=&#8221;{}&#8221; sticky_enabled=&#8221;0&#8243;][dsm_breadcrumbs home_text=&#8221;balam.es&#8221; home_icon=&#8221;%%33%%&#8221; separator_icon=&#8221;%%36%%&#8221; align=&#8221;center&#8221; items_bg_color=&#8221;#FFFFFF&#8221; _builder_version=&#8221;4.9.4&#8243; _module_preset=&#8221;default&#8221; items_text_color=&#8221;#000000&#8243; global_colors_info=&#8221;{}&#8221;][\/dsm_breadcrumbs][\/et_pb_column][\/et_pb_row][et_pb_row column_structure=&#8221;1_2,1_2&#8243; make_equal=&#8221;on&#8221; _builder_version=&#8221;4.9.10&#8243; _module_preset=&#8221;default&#8221; global_colors_info=&#8221;{}&#8221;][et_pb_column type=&#8221;1_2&#8243; _builder_version=&#8221;4.9.4&#8243; _module_preset=&#8221;default&#8221; global_colors_info=&#8221;{}&#8221;][et_pb_blurb title=&#8221;Dise\u00f1o de Sistemas de Riego&#8221; _builder_version=&#8221;4.9.11&#8243; _module_preset=&#8221;default&#8221; header_level=&#8221;h1&#8243; header_font=&#8221;|700||on|||||&#8221; header_text_align=&#8221;center&#8221; header_text_color=&#8221;#2ec4b6&#8243; header_font_size=&#8221;40px&#8221; body_text_align=&#8221;justify&#8221; body_text_color=&#8221;#000000&#8243; hover_enabled=&#8221;0&#8243; global_colors_info=&#8221;{}&#8221; sticky_enabled=&#8221;0&#8243;]<\/p>\n<p><span style=\"font-weight: 400;\"><\/span><\/p>\n<p>En Balam Aqua somos especialistas en todo tipo de dise\u00f1o de sistemas de riego.<\/p>\n<p>Los cultivos le\u00f1osos son infinitamente m\u00e1s productivos si cuentan con un <strong>sistema de riego.<\/strong>\u00a0En el caso del almendro, podemos pasar de tener producciones de 120 kilogramos por hect\u00e1rea de secano a 2000 kilos por hect\u00e1rea o m\u00e1s.<\/p>\n<p>En estos cultivos utilizaremos t\u00e9cnicas de riego por goteo. As\u00ed, conseguimos aprovechar al m\u00e1ximo el consumo de agua y optimizar nuestra producci\u00f3n. Pero para ello, tendremos que realizar un correcto <strong>dise\u00f1o de riego por goteo.<\/strong>\u00a0El dise\u00f1o del sistema de riego, es uno de los servicios que presta Balam Aqua.<\/p>\n<p>Para realizar el dise\u00f1o del sistema de riego, se lleva a cabo la elecci\u00f3n del tipo de gotero, caudal y distancia entre goteros seg\u00fan las caracter\u00edsticas del suelo. Previamente se realiza una anal\u00edtica del suelo para saber su tipolog\u00eda, textura, etc.<\/p>\n<p>Por otro lado, tambi\u00e9n se utilizan sensores de humedad para monitoreo del sistema de riego. Esto nos ayuda a mejorar la eficiencia energ\u00e9tica, y el ahorro y aprovechamiento m\u00e1ximo del agua, utilizando esta cuando el \u00e1rbol lo requiera, evitando de esta forma el desperdicio de agua. Todos nuestros proyectos se dise\u00f1an para hacer la instalaci\u00f3n lo m\u00e1s eficiente posible.<\/p>\n<p>Las instalaciones est\u00e1n automatizadas mediante programadores de riego, como por ejemplo programas para m\u00f3viles que permiten la activaci\u00f3n y desactivaci\u00f3n.<\/p>\n<p>[\/et_pb_blurb][\/et_pb_column][et_pb_column type=&#8221;1_2&#8243; _builder_version=&#8221;4.9.10&#8243; _module_preset=&#8221;default&#8221; background_image=&#8221;https:\/\/balam.es\/pt\/wp-content\/uploads\/2021\/07\/WhatsApp-Image-2021-06-23-at-11.29.01-AM.jpeg&#8221; background_position=&#8221;bottom_right&#8221; background_blend=&#8221;multiply&#8221; global_colors_info=&#8221;{}&#8221;][\/et_pb_column][\/et_pb_row][et_pb_row _builder_version=&#8221;4.9.7&#8243; _module_preset=&#8221;default&#8221; background_color=&#8221;#000000&#8243; background_enable_color=&#8221;off&#8221; custom_margin=&#8221;||29px||false|false&#8221; custom_padding=&#8221;13px|18px|13px|18px|true|true&#8221; border_radii=&#8221;on|32px|32px|32px|32px&#8221; box_shadow_style=&#8221;preset2&#8243; global_module=&#8221;2260&#8243; saved_tabs=&#8221;all&#8221; global_colors_info=&#8221;{}&#8221;][et_pb_column type=&#8221;4_4&#8243; _builder_version=&#8221;4.9.5&#8243; _module_preset=&#8221;default&#8221; global_colors_info=&#8221;{}&#8221;][et_pb_button button_url=&#8221;#lead&#8221; button_text=&#8221;CONT\u00c1CTANOS&#8221; button_alignment=&#8221;center&#8221; _builder_version=&#8221;4.9.7&#8243; _module_preset=&#8221;default&#8221; custom_button=&#8221;on&#8221; button_text_size=&#8221;17px&#8221; button_text_color=&#8221;#FFFFFF&#8221; button_bg_color=&#8221;#000000&#8243; button_border_width=&#8221;0px&#8221; button_border_radius=&#8221;0px&#8221; button_use_icon=&#8221;off&#8221; custom_padding=&#8221;20px|58px|20px|58px|true|false&#8221; animation_style=&#8221;bounce&#8221; global_colors_info=&#8221;{}&#8221;][\/et_pb_button][\/et_pb_column][\/et_pb_row][et_pb_row column_structure=&#8221;1_2,1_2&#8243; _builder_version=&#8221;4.9.7&#8243; _module_preset=&#8221;default&#8221; global_colors_info=&#8221;{}&#8221;][et_pb_column type=&#8221;1_2&#8243; _builder_version=&#8221;4.9.7&#8243; _module_preset=&#8221;default&#8221; global_colors_info=&#8221;{}&#8221;][et_pb_blurb title=&#8221;El riego por goteo en almendro y olivar&#8221; _builder_version=&#8221;4.9.7&#8243; _module_preset=&#8221;default&#8221; header_level=&#8221;h1&#8243; header_font=&#8221;|700||on|||||&#8221; header_text_align=&#8221;center&#8221; header_text_color=&#8221;#2ec4b6&#8243; header_font_size=&#8221;40px&#8221; body_text_align=&#8221;justify&#8221; body_text_color=&#8221;#000000&#8243; hover_enabled=&#8221;0&#8243; global_colors_info=&#8221;{}&#8221; sticky_enabled=&#8221;0&#8243;]<\/p>\n<p><span style=\"font-weight: 400;\"><\/span><\/p>\n<p><span style=\"font-weight: 400;\">El riego por goteo es un sistema muy eficiente para este tipo de cultivos. El agua se suministra gota a gota y es llevada mediante una o varias tuber\u00edas flexibles, que se disponen a lo largo de la hilera de \u00e1rboles. Estos tubos tienen un gotero cada cierta distancia consiguiendo una distribuci\u00f3n uniforme del agua de riego sobre la superficie del terreno. As\u00ed conseguimos cubrir las necesidades diarias del cultivo a lo largo de toda la campa\u00f1a de riego.<\/span><\/p>\n<p><span style=\"font-weight: 400;\">El sistema de riego por goteo, necesita una fase de dise\u00f1o previo donde se har\u00e1n los c\u00e1lculos necesarios para que todo funcione correctamente, cubriendo las necesidades diarias del cultivo, y garantizando el m\u00e1ximo aprovechamiento posible del agua.\u00a0<\/span><\/p>\n<p>[\/et_pb_blurb][\/et_pb_column][et_pb_column type=&#8221;1_2&#8243; _builder_version=&#8221;4.9.7&#8243; _module_preset=&#8221;default&#8221; global_colors_info=&#8221;{}&#8221;][et_pb_blurb title=&#8221;Dise\u00f1o agron\u00f3mico del riego por goteo&#8221; _builder_version=&#8221;4.9.7&#8243; _module_preset=&#8221;default&#8221; header_level=&#8221;h1&#8243; header_font=&#8221;|700||on|||||&#8221; header_text_align=&#8221;center&#8221; header_text_color=&#8221;#2ec4b6&#8243; header_font_size=&#8221;40px&#8221; body_text_align=&#8221;justify&#8221; body_text_color=&#8221;#000000&#8243; hover_enabled=&#8221;0&#8243; global_colors_info=&#8221;{}&#8221; sticky_enabled=&#8221;0&#8243;]<\/p>\n<p><span style=\"font-weight: 400;\"><\/span><\/p>\n<p><span style=\"font-weight: 400;\">En el dise\u00f1o agron\u00f3mico calculamos que el sistema de riego va a ser capaz de aportar la cantidad de agua necesaria para los cultivos. Se calculan las necesidades m\u00e1ximas para evitar el d\u00e9ficit h\u00eddrico. Esta fase del dise\u00f1o es imprescindible para asegurar el \u00e9xito del dise\u00f1o hidr\u00e1ulico.<\/span><\/p>\n<p>[\/et_pb_blurb][\/et_pb_column][\/et_pb_row][et_pb_row _builder_version=&#8221;4.9.7&#8243; _module_preset=&#8221;default&#8221; global_colors_info=&#8221;{}&#8221;][et_pb_column type=&#8221;4_4&#8243; _builder_version=&#8221;4.9.7&#8243; _module_preset=&#8221;default&#8221; global_colors_info=&#8221;{}&#8221;][et_pb_blurb title=&#8221;Dise\u00f1o hidr\u00e1ulico del riego por goteo&#8221; content_max_width=&#8221;1100px&#8221; _builder_version=&#8221;4.9.7&#8243; _module_preset=&#8221;default&#8221; header_level=&#8221;h1&#8243; header_font=&#8221;|700||on|||||&#8221; header_text_align=&#8221;center&#8221; header_text_color=&#8221;#2ec4b6&#8243; header_font_size=&#8221;40px&#8221; body_text_align=&#8221;justify&#8221; body_text_color=&#8221;#000000&#8243; global_colors_info=&#8221;{}&#8221;]<\/p>\n<p><span style=\"font-weight: 400;\"><\/span><\/p>\n<p><span style=\"font-weight: 400;\">Con el dise\u00f1o hidr\u00e1ulico se definen los elementos necesarios para que la instalaci\u00f3n pueda aplicar, en tiempo y forma, las necesidades m\u00e1ximas, denominadas necesidades punta. Se calcular\u00e1n, entre otros elementos, el bombeo, filtrado, abonado y redes de tuber\u00edas necesarios para poder aplicar el caudal punta a\u00a0 toda la parcela, en el tiempo de riego diario previsto.<\/span><\/p>\n<p><span style=\"font-weight: 400;\">Todo lo dicho, tambi\u00e9n ser\u00eda de aplicaci\u00f3n al riego por aspersi\u00f3n.<\/span><\/p>\n<p><span style=\"font-weight: 400;\">Un apartado importante dentro del dise\u00f1o es la automatizaci\u00f3n. En la actualidad, los riegos <\/span><b>se pueden (<\/b><b><i>y deben<\/i><\/b><b>) automatizar.<\/b><span style=\"font-weight: 400;\"> Para ello es imprescindible realizar un buen dise\u00f1o de riego autom\u00e1tico con el que podremos conseguir importantes ahorros y una mayor eficiencia en la explotaci\u00f3n.<\/span><\/p>\n<p><span style=\"font-weight: 400;\">En Balam Aqua contamos con los ingenieros cualificados necesarios para dise\u00f1ar un sistema de riego eficiente para su explotaci\u00f3n. Podemos hacer su explotaci\u00f3n m\u00e1s rentable con el dise\u00f1o del sistema de riego que necesita.<\/span><\/p>\n<p>[\/et_pb_blurb][\/et_pb_column][\/et_pb_row][\/et_pb_section]<\/p>\n","protected":false},"excerpt":{"rendered":"<p><div class=\"et_pb_module dsm_breadcrumbs dsm_breadcrumbs_0\">\n\t\t\t\t\n\t\t\t\t\n\t\t\t\t\n\t\t\t\t\n\t\t\t\t<div class=\"et_pb_module_inner\">\n\t\t\t\t\t<nav class=\"dsm_breadcrumbs_wrap\" role=\"navigation\" itemscope=\"\" itemtype=\"http:\/\/schema.org\/SiteNavigationElement\">\n\t\t\t\t<ul class=\"dsm_breadcrumbs\">\n\t\t\t<li class='dsm_breadcrumbs_item dsm_home_item dsm_home_item_custom'>\n\t\t\t\t<a href=\"https:\/\/balam.es\/pt\" itemprop=\"url\">\n\t\t\t\t\t<span class='dsm_home_text_wrapper'>\n\t\t\t\t\t\t\t\t\t\t\t\t\t<span class=\"et-pb-icon dsm_home_icon\">&#x42;<\/span>\n\t\t\t\t\t\t\t\t\t\t\t\t\t<span class=\"dsm_home_text\" itemprop=\"name\">\n\t\t\t\t\t\t\t\tbalam.es\t\t\t\t\t\t\t<\/span>\n\t\t\t\t\t<\/span>\n\t\t\t\t<\/a>\n\t\t\t<\/li>\n\n\t\t<\/ul>\n\t\t\t<\/nav>\n\t\t\t\t<\/div>\n\t\t\t<\/div> En Balam Aqua somos especialistas en todo tipo de dise\u00f1o de sistemas de riego. Los cultivos le\u00f1osos son infinitamente m\u00e1s productivos si cuentan con un sistema de riego.\u00a0En el caso del almendro, podemos pasar de tener producciones de 120 kilogramos por hect\u00e1rea de secano a [&hellip;]<\/p>\n","protected":false},"author":1,"featured_media":0,"parent":1923,"menu_order":0,"comment_status":"closed","ping_status":"closed","template":"","meta":{"_et_pb_use_builder":"on","_et_pb_old_content":"<!-- wp:divi\/placeholder \/-->","_et_gb_content_width":"","footnotes":""},"class_list":["post-1942","page","type-page","status-publish","hentry"],"aioseo_notices":[],"_links":{"self":[{"href":"https:\/\/balam.es\/pt\/wp-json\/wp\/v2\/pages\/1942","targetHints":{"allow":["GET"]}}],"collection":[{"href":"https:\/\/balam.es\/pt\/wp-json\/wp\/v2\/pages"}],"about":[{"href":"https:\/\/balam.es\/pt\/wp-json\/wp\/v2\/types\/page"}],"author":[{"embeddable":true,"href":"https:\/\/balam.es\/pt\/wp-json\/wp\/v2\/users\/1"}],"replies":[{"embeddable":true,"href":"https:\/\/balam.es\/pt\/wp-json\/wp\/v2\/comments?post=1942"}],"version-history":[{"count":0,"href":"https:\/\/balam.es\/pt\/wp-json\/wp\/v2\/pages\/1942\/revisions"}],"up":[{"embeddable":true,"href":"https:\/\/balam.es\/pt\/wp-json\/wp\/v2\/pages\/1923"}],"wp:attachment":[{"href":"https:\/\/balam.es\/pt\/wp-json\/wp\/v2\/media?parent=1942"}],"curies":[{"name":"wp","href":"https:\/\/api.w.org\/{rel}","templated":true}]}}