{"id":1923,"date":"2021-06-01T10:20:49","date_gmt":"2021-06-01T10:20:49","guid":{"rendered":"https:\/\/balam.es\/?page_id=1923"},"modified":"2021-10-21T08:11:45","modified_gmt":"2021-10-21T08:11:45","slug":"aqua","status":"publish","type":"page","link":"https:\/\/balam.es\/pt\/aqua\/","title":{"rendered":"Aqua"},"content":{"rendered":"<p>[et_pb_section fb_built=&#8221;1&#8243; _builder_version=&#8221;4.9.4&#8243; _module_preset=&#8221;default&#8221; custom_padding=&#8221;19px|||||&#8221; da_disable_devices=&#8221;off|off|off&#8221; global_colors_info=&#8221;{}&#8221; da_is_popup=&#8221;off&#8221; da_exit_intent=&#8221;off&#8221; da_has_close=&#8221;on&#8221; da_alt_close=&#8221;off&#8221; da_dark_close=&#8221;off&#8221; da_not_modal=&#8221;on&#8221; da_is_singular=&#8221;off&#8221; da_with_loader=&#8221;off&#8221; da_has_shadow=&#8221;on&#8221;][et_pb_row _builder_version=&#8221;4.9.4&#8243; _module_preset=&#8221;default&#8221; custom_margin=&#8221;-16px|auto||auto||&#8221; custom_padding=&#8221;10px||16px|||&#8221; locked=&#8221;off&#8221; global_colors_info=&#8221;{}&#8221;][et_pb_column type=&#8221;4_4&#8243; _builder_version=&#8221;4.9.4&#8243; _module_preset=&#8221;default&#8221; global_colors_info=&#8221;{}&#8221;][dsm_breadcrumbs home_text=&#8221;balam.es&#8221; home_icon=&#8221;%%33%%&#8221; separator_icon=&#8221;%%36%%&#8221; align=&#8221;center&#8221; items_bg_color=&#8221;#FFFFFF&#8221; _builder_version=&#8221;4.9.4&#8243; _module_preset=&#8221;default&#8221; items_text_color=&#8221;#000000&#8243; global_colors_info=&#8221;{}&#8221;][\/dsm_breadcrumbs][\/et_pb_column][\/et_pb_row][et_pb_row _builder_version=&#8221;4.9.7&#8243; _module_preset=&#8221;default&#8221; global_colors_info=&#8221;{}&#8221;][et_pb_column type=&#8221;4_4&#8243; _builder_version=&#8221;4.9.7&#8243; _module_preset=&#8221;default&#8221; global_colors_info=&#8221;{}&#8221;][et_pb_blurb title=&#8221;Projeto e instala\u00e7\u00e3o de sistemas de irriga\u00e7\u00e3o&#8221; content_max_width=&#8221;1100px&#8221; _builder_version=&#8221;4.11.3&#8243; _module_preset=&#8221;default&#8221; header_level=&#8221;h1&#8243; header_font=&#8221;|700||on|||||&#8221; header_text_align=&#8221;center&#8221; header_text_color=&#8221;#2ec4b6&#8243; header_font_size=&#8221;40px&#8221; body_text_color=&#8221;#000000&#8243; body_font_size=&#8221;16px&#8221; global_colors_info=&#8221;{}&#8221;][\/et_pb_blurb][et_pb_blurb content_max_width=&#8221;1100px&#8221; _builder_version=&#8221;4.11.3&#8243; _module_preset=&#8221;default&#8221; header_level=&#8221;h1&#8243; header_font=&#8221;|700||on|||||&#8221; header_text_align=&#8221;center&#8221; header_text_color=&#8221;#2ec4b6&#8243; header_font_size=&#8221;40px&#8221; body_text_color=&#8221;#000000&#8243; body_font_size=&#8221;16px&#8221; global_colors_info=&#8221;{}&#8221;]<\/p>\n<p style=\"text-align: justify;\">Atrav\u00e9s do nosso departamento Balam Aqua realizamos todo o tipo de instala\u00e7\u00f5es de rega. Esta linha \u00e9 dirigida por Engenheiros Agr\u00f4nomos especializados na concep\u00e7\u00e3o e execu\u00e7\u00e3o deste tipo de projetos.<\/p>\n<p>[\/et_pb_blurb][\/et_pb_column][\/et_pb_row][et_pb_row _builder_version=&#8221;4.9.7&#8243; _module_preset=&#8221;default&#8221; background_color=&#8221;#000000&#8243; background_enable_color=&#8221;off&#8221; custom_margin=&#8221;||29px||false|false&#8221; custom_padding=&#8221;13px|18px|13px|18px|true|true&#8221; saved_tabs=&#8221;all&#8221; global_colors_info=&#8221;{}&#8221;][et_pb_column type=&#8221;4_4&#8243; _builder_version=&#8221;4.9.5&#8243; _module_preset=&#8221;default&#8221; global_colors_info=&#8221;{}&#8221;][et_pb_button button_url=&#8221;#lead&#8221; button_text=&#8221;ENTRAR EM CONTATO&#8221; button_alignment=&#8221;center&#8221; _builder_version=&#8221;4.11.3&#8243; _module_preset=&#8221;default&#8221; custom_button=&#8221;on&#8221; button_text_size=&#8221;17px&#8221; button_text_color=&#8221;#FFFFFF&#8221; button_bg_color=&#8221;#000000&#8243; button_border_width=&#8221;0px&#8221; button_border_radius=&#8221;0px&#8221; button_use_icon=&#8221;off&#8221; custom_padding=&#8221;20px|58px|20px|58px|true|true&#8221; animation_style=&#8221;bounce&#8221; global_colors_info=&#8221;{}&#8221;][\/et_pb_button][\/et_pb_column][\/et_pb_row][et_pb_row column_structure=&#8221;1_3,1_3,1_3&#8243; _builder_version=&#8221;4.9.7&#8243; _module_preset=&#8221;default&#8221; global_colors_info=&#8221;{}&#8221;][et_pb_column type=&#8221;1_3&#8243; _builder_version=&#8221;4.9.7&#8243; _module_preset=&#8221;default&#8221; global_colors_info=&#8221;{}&#8221;][et_pb_number_counter title=&#8221;Hectares instalados&#8221; number=&#8221;+30000&#8243; percent_sign=&#8221;off&#8221; _builder_version=&#8221;4.11.3&#8243; _module_preset=&#8221;default&#8221; title_font=&#8221;|700|||||||&#8221; title_text_color=&#8221;#000000&#8243; title_font_size=&#8221;22px&#8221; number_font=&#8221;|700|||||||&#8221; number_text_color=&#8221;#2EC4B6&#8243; global_colors_info=&#8221;{}&#8221;][\/et_pb_number_counter][\/et_pb_column][et_pb_column type=&#8221;1_3&#8243; _builder_version=&#8221;4.9.7&#8243; _module_preset=&#8221;default&#8221; global_colors_info=&#8221;{}&#8221;][et_pb_number_counter title=&#8221;Agr\u00f4nomos&#8221; number=&#8221;6&#8243; percent_sign=&#8221;off&#8221; _builder_version=&#8221;4.11.3&#8243; _module_preset=&#8221;default&#8221; title_font=&#8221;|700|||||||&#8221; title_text_color=&#8221;#000000&#8243; title_font_size=&#8221;22px&#8221; number_font=&#8221;|700|||||||&#8221; number_text_color=&#8221;#2EC4B6&#8243; global_colors_info=&#8221;{}&#8221;][\/et_pb_number_counter][\/et_pb_column][et_pb_column type=&#8221;1_3&#8243; _builder_version=&#8221;4.9.7&#8243; _module_preset=&#8221;default&#8221; global_colors_info=&#8221;{}&#8221;][et_pb_number_counter title=&#8221;Funcion\u00e1rios desta linha&#8221; number=&#8221;+40&#8243; percent_sign=&#8221;off&#8221; _builder_version=&#8221;4.11.3&#8243; _module_preset=&#8221;default&#8221; title_font=&#8221;|700|||||||&#8221; title_text_color=&#8221;#000000&#8243; title_font_size=&#8221;22px&#8221; number_font=&#8221;|700|||||||&#8221; number_text_color=&#8221;#2EC4B6&#8243; global_colors_info=&#8221;{}&#8221;][\/et_pb_number_counter][\/et_pb_column][\/et_pb_row][et_pb_row make_equal=&#8221;on&#8221; _builder_version=&#8221;4.9.4&#8243; _module_preset=&#8221;default&#8221; global_colors_info=&#8221;{}&#8221;][et_pb_column type=&#8221;4_4&#8243; _builder_version=&#8221;4.9.4&#8243; _module_preset=&#8221;default&#8221; global_colors_info=&#8221;{}&#8221;][et_pb_text _builder_version=&#8221;4.11.3&#8243; _module_preset=&#8221;default&#8221; text_text_color=&#8221;#000000&#8243; text_font_size=&#8221;16px&#8221; global_colors_info=&#8221;{}&#8221;]<\/p>\n<p style=\"text-align: justify;\">Da Balam, facilitamos o trabalho do agricultor. Contando conosco, voc\u00ea pode simplificar a instala\u00e7\u00e3o de irriga\u00e7\u00e3o de sua fazenda, j\u00e1 que cuidamos e supervisionamos todo o processo de transforma\u00e7\u00e3o: coleta de dados, processamento de poss\u00edveis subs\u00eddios, preparo do terreno, terraplenagem, instala\u00e7\u00e3o do sistema de irriga\u00e7\u00e3o, etc.<\/p>\n<p>[\/et_pb_text][\/et_pb_column][\/et_pb_row][et_pb_row _builder_version=&#8221;4.9.7&#8243; _module_preset=&#8221;default&#8221; custom_padding=&#8221;38px|||||&#8221; global_colors_info=&#8221;{}&#8221;][et_pb_column type=&#8221;4_4&#8243; _builder_version=&#8221;4.9.7&#8243; _module_preset=&#8221;default&#8221; global_colors_info=&#8221;{}&#8221;][et_pb_blurb title=&#8221;Servi\u00e7os Balam Aqua&#8221; _builder_version=&#8221;4.11.3&#8243; _module_preset=&#8221;default&#8221; header_level=&#8221;h2&#8243; header_font=&#8221;|700||on|||||&#8221; header_text_color=&#8221;#000000&#8243; header_font_size=&#8221;35px&#8221; text_orientation=&#8221;center&#8221; global_colors_info=&#8221;{}&#8221;][\/et_pb_blurb][\/et_pb_column][\/et_pb_row][et_pb_row column_structure=&#8221;1_2,1_2&#8243; _builder_version=&#8221;4.9.11&#8243; _module_preset=&#8221;default&#8221; global_colors_info=&#8221;{}&#8221;][et_pb_column type=&#8221;1_2&#8243; _builder_version=&#8221;4.9.11&#8243; _module_preset=&#8221;default&#8221; background_color=&#8221;rgba(0,0,0,0.44)&#8221; background_image=&#8221;https:\/\/balam.es\/pt\/wp-content\/uploads\/2021\/07\/WhatsApp-Image-2021-06-23-at-11.29.01-AM.jpeg&#8221; background_blend=&#8221;multiply&#8221; global_colors_info=&#8221;{}&#8221;][et_pb_button button_url=&#8221;https:\/\/balam.es\/pt\/aqua\/projeto-de-sistemas-de-irrigacao\/&#8221; button_text=&#8221;Projeto de sistemas de irriga\u00e7\u00e3o&#8221; button_alignment=&#8221;center&#8221; _builder_version=&#8221;4.11.3&#8243; _module_preset=&#8221;default&#8221; custom_button=&#8221;on&#8221; button_text_color=&#8221;#FFFFFF&#8221; button_bg_color=&#8221;#2EC4B6&#8243; button_border_width=&#8221;0px&#8221; button_border_color=&#8221;#FFFFFF&#8221; button_font=&#8221;|||on|||||&#8221; custom_margin=&#8221;67px||67px||true|false&#8221; custom_padding=&#8221;||||false|false&#8221; global_colors_info=&#8221;{}&#8221;][\/et_pb_button][\/et_pb_column][et_pb_column type=&#8221;1_2&#8243; _builder_version=&#8221;4.9.7&#8243; _module_preset=&#8221;default&#8221; background_color=&#8221;rgba(0,0,0,0.44)&#8221; background_image=&#8221;https:\/\/balam.es\/pt\/wp-content\/uploads\/2021\/06\/WhatsApp-Image-2021-06-23-at-13.04.40-1-1.jpeg&#8221; background_blend=&#8221;multiply&#8221; global_colors_info=&#8221;{}&#8221;][et_pb_button button_url=&#8221;https:\/\/balam.es\/pt\/aqua\/instalacoes-de-irrigacao\/&#8221; button_text=&#8221;Instala\u00e7\u00f5es de irriga\u00e7\u00e3o&#8221; button_alignment=&#8221;center&#8221; _builder_version=&#8221;4.11.3&#8243; _module_preset=&#8221;default&#8221; custom_button=&#8221;on&#8221; button_text_color=&#8221;#FFFFFF&#8221; button_bg_color=&#8221;#2ec4b6&#8243; button_border_width=&#8221;0px&#8221; button_border_color=&#8221;#FFFFFF&#8221; button_font=&#8221;|||on|||||&#8221; custom_margin=&#8221;67px||67px||true|false&#8221; custom_padding=&#8221;||||false|false&#8221; global_colors_info=&#8221;{}&#8221;][\/et_pb_button][\/et_pb_column][\/et_pb_row][et_pb_row column_structure=&#8221;1_2,1_2&#8243; make_equal=&#8221;on&#8221; _builder_version=&#8221;4.9.7&#8243; _module_preset=&#8221;default&#8221; global_colors_info=&#8221;{}&#8221;][et_pb_column type=&#8221;1_2&#8243; _builder_version=&#8221;4.9.7&#8243; _module_preset=&#8221;default&#8221; global_colors_info=&#8221;{}&#8221;][et_pb_blurb use_icon=&#8221;on&#8221; font_icon=&#8221;%%36%%&#8221; icon_color=&#8221;#2ec4b6&#8243; icon_placement=&#8221;left&#8221; _builder_version=&#8221;4.11.3&#8243; _module_preset=&#8221;default&#8221; header_text_color=&#8221;#000000&#8243; body_font=&#8221;||||||||&#8221; body_text_color=&#8221;#000000&#8243; body_font_size=&#8221;17px&#8221; body_line_height=&#8221;1.9em&#8221; custom_margin=&#8221;-22px|||||&#8221; global_colors_info=&#8221;{}&#8221;]<\/p>\n<p>Uso eficiente de \u00e1gua e energia<\/p>\n<p>[\/et_pb_blurb][et_pb_blurb use_icon=&#8221;on&#8221; font_icon=&#8221;%%36%%&#8221; icon_color=&#8221;#2ec4b6&#8243; icon_placement=&#8221;left&#8221; _builder_version=&#8221;4.11.3&#8243; _module_preset=&#8221;default&#8221; header_text_color=&#8221;#000000&#8243; body_font=&#8221;||||||||&#8221; body_text_color=&#8221;#000000&#8243; body_font_size=&#8221;17px&#8221; body_line_height=&#8221;1.9em&#8221; custom_margin=&#8221;-22px|||||&#8221; global_colors_info=&#8221;{}&#8221;]<\/p>\n<p>Fertirriga\u00e7\u00e3o e automa\u00e7\u00e3o e monitoramento de fertilizantes<\/p>\n<p>[\/et_pb_blurb][et_pb_blurb use_icon=&#8221;on&#8221; font_icon=&#8221;%%36%%&#8221; icon_color=&#8221;#2ec4b6&#8243; icon_placement=&#8221;left&#8221; _builder_version=&#8221;4.11.3&#8243; _module_preset=&#8221;default&#8221; header_text_color=&#8221;#000000&#8243; body_font=&#8221;||||||||&#8221; body_text_color=&#8221;#000000&#8243; body_font_size=&#8221;17px&#8221; body_line_height=&#8221;1.9em&#8221; custom_margin=&#8221;-22px|||||&#8221; global_colors_info=&#8221;{}&#8221;]<\/p>\n<p>Setoriza\u00e7\u00e3o de acordo com o mapa de solos<\/p>\n<p>[\/et_pb_blurb][et_pb_blurb use_icon=&#8221;on&#8221; font_icon=&#8221;%%36%%&#8221; icon_color=&#8221;#2ec4b6&#8243; icon_placement=&#8221;left&#8221; _builder_version=&#8221;4.11.3&#8243; _module_preset=&#8221;default&#8221; header_text_color=&#8221;#000000&#8243; body_font=&#8221;||||||||&#8221; body_text_color=&#8221;#000000&#8243; body_font_size=&#8221;17px&#8221; body_line_height=&#8221;1.9em&#8221; custom_margin=&#8221;-22px|||||&#8221; global_colors_info=&#8221;{}&#8221;]<\/p>\n<p>Sondas de umidade<\/p>\n<p>[\/et_pb_blurb][et_pb_blurb use_icon=&#8221;on&#8221; font_icon=&#8221;%%36%%&#8221; icon_color=&#8221;#2ec4b6&#8243; icon_placement=&#8221;left&#8221; _builder_version=&#8221;4.11.3&#8243; _module_preset=&#8221;default&#8221; header_text_color=&#8221;#000000&#8243; body_font=&#8221;||||||||&#8221; body_text_color=&#8221;#000000&#8243; body_font_size=&#8221;17px&#8221; body_line_height=&#8221;1.9em&#8221; custom_margin=&#8221;-22px|||||&#8221; global_colors_info=&#8221;{}&#8221;]<\/p>\n<p>Instala\u00e7\u00f5es solares 100% autossuficientes<\/p>\n<p>[\/et_pb_blurb][\/et_pb_column][et_pb_column type=&#8221;1_2&#8243; _builder_version=&#8221;4.9.7&#8243; _module_preset=&#8221;default&#8221; background_image=&#8221;https:\/\/balam.es\/pt\/wp-content\/uploads\/2021\/06\/riego-para-cultivos-almendro-y-olivar-1.jpeg&#8221; global_colors_info=&#8221;{}&#8221;][\/et_pb_column][\/et_pb_row][\/et_pb_section][et_pb_section fb_built=&#8221;1&#8243; _builder_version=&#8221;4.9.7&#8243; _module_preset=&#8221;default&#8221; background_color=&#8221;rgba(0,0,0,0.7)&#8221; background_image=&#8221;https:\/\/balam.es\/pt\/wp-content\/uploads\/2021\/06\/WhatsApp-Image-2020-02-12-at-15.44.48-1.jpeg&#8221; background_blend=&#8221;multiply&#8221; da_disable_devices=&#8221;off|off|off&#8221; global_colors_info=&#8221;{}&#8221; da_is_popup=&#8221;off&#8221; da_exit_intent=&#8221;off&#8221; da_has_close=&#8221;on&#8221; da_alt_close=&#8221;off&#8221; da_dark_close=&#8221;off&#8221; da_not_modal=&#8221;on&#8221; da_is_singular=&#8221;off&#8221; da_with_loader=&#8221;off&#8221; da_has_shadow=&#8221;on&#8221;][et_pb_row _builder_version=&#8221;4.9.7&#8243; _module_preset=&#8221;default&#8221; width=&#8221;100%&#8221; max_width=&#8221;2560px&#8221; global_colors_info=&#8221;{}&#8221;][et_pb_column type=&#8221;4_4&#8243; _builder_version=&#8221;4.9.7&#8243; _module_preset=&#8221;default&#8221; global_colors_info=&#8221;{}&#8221;][et_pb_blurb title=&#8221;Projetos cumpridos&#8221; _builder_version=&#8221;4.11.3&#8243; _module_preset=&#8221;default&#8221; header_level=&#8221;h3&#8243; header_font=&#8221;|700||on|||||&#8221; header_text_color=&#8221;#FFFFFF&#8221; header_font_size=&#8221;35px&#8221; text_orientation=&#8221;center&#8221; custom_margin=&#8221;||64px|||&#8221; global_colors_info=&#8221;{}&#8221;][\/et_pb_blurb][\/et_pb_column][\/et_pb_row][et_pb_row column_structure=&#8221;1_3,1_3,1_3&#8243; _builder_version=&#8221;4.9.10&#8243; _module_preset=&#8221;default&#8221; width=&#8221;85%&#8221; max_width=&#8221;85%&#8221; custom_margin=&#8221;||30px||false|false&#8221; custom_margin_tablet=&#8221;&#8221; custom_margin_phone=&#8221;||5px||false|false&#8221; custom_margin_last_edited=&#8221;on|desktop&#8221; global_colors_info=&#8221;{}&#8221;][et_pb_column type=&#8221;1_3&#8243; _builder_version=&#8221;4.9.10&#8243; _module_preset=&#8221;default&#8221; global_colors_info=&#8221;{}&#8221;][dsm_image_reveal reveal_text=&#8221;Instalaci\u00f3n de riego por goteo en almendro intensivo en Huesca&#8221; src=&#8221;https:\/\/balam.es\/pt\/wp-content\/uploads\/2021\/07\/1.png&#8221; title_text=&#8221;1&#8243; reveal_overlay_color=&#8221;rgba(46,196,182,0.77)&#8221; _builder_version=&#8221;4.9.10&#8243; _module_preset=&#8221;default&#8221; reveal_text_font=&#8221;|600|||||||&#8221; reveal_text_text_align=&#8221;center&#8221; reveal_text_font_size=&#8221;24px&#8221; module_alignment=&#8221;center&#8221; link_option_url=&#8221;https:\/\/balam.es\/pt\/project\/instalacion-de-riego-por-goteo-en-almendro-intensivo-en-huesca\/&#8221; box_shadow_style=&#8221;preset1&#8243; box_shadow_blur=&#8221;-1px&#8221; box_shadow_color=&#8221;#FFFFFF&#8221; global_colors_info=&#8221;{}&#8221; transform_styles__hover_enabled=&#8221;on|hover&#8221; transform_scale__hover_enabled=&#8221;on|hover&#8221; transform_translate__hover_enabled=&#8221;on|desktop&#8221; transform_rotate__hover_enabled=&#8221;on|desktop&#8221; transform_skew__hover_enabled=&#8221;on|desktop&#8221; transform_origin__hover_enabled=&#8221;on|desktop&#8221; transform_scale__hover=&#8221;105%|105%&#8221; box_shadow_blur__hover_enabled=&#8221;on|desktop&#8221; box_shadow_blur__hover=&#8221;20px&#8221;][\/dsm_image_reveal][\/et_pb_column][et_pb_column type=&#8221;1_3&#8243; _builder_version=&#8221;4.9.10&#8243; _module_preset=&#8221;default&#8221; global_colors_info=&#8221;{}&#8221;][dsm_image_reveal reveal_text=&#8221;Instalaci\u00f3n de riego por goteo en almendro superintensivo en C\u00f3rdoba&#8221; src=&#8221;https:\/\/balam.es\/pt\/wp-content\/uploads\/2021\/07\/WhatsApp-Image-2021-06-23-at-11.29.01-AM.jpeg&#8221; title_text=&#8221;WhatsApp Image 2021-06-23 at 11.29.01 AM&#8221; reveal_overlay_color=&#8221;rgba(46,196,182,0.77)&#8221; align=&#8221;center&#8221; _builder_version=&#8221;4.9.11&#8243; _module_preset=&#8221;default&#8221; reveal_text_font=&#8221;|600|||||||&#8221; reveal_text_text_align=&#8221;center&#8221; reveal_text_font_size=&#8221;24px&#8221; link_option_url=&#8221;https:\/\/balam.es\/pt\/project\/instalacion-de-riego-por-goteo-en-almendro-superintensivo-en-cordoba\/&#8221; box_shadow_style=&#8221;preset1&#8243; box_shadow_blur=&#8221;-1px&#8221; box_shadow_color=&#8221;#FFFFFF&#8221; box_shadow_blur_last_edited=&#8221;off|desktop&#8221; global_colors_info=&#8221;{}&#8221; transform_styles__hover_enabled=&#8221;on|hover&#8221; transform_scale__hover_enabled=&#8221;on|hover&#8221; transform_translate__hover_enabled=&#8221;on|desktop&#8221; transform_rotate__hover_enabled=&#8221;on|desktop&#8221; transform_skew__hover_enabled=&#8221;on|desktop&#8221; transform_origin__hover_enabled=&#8221;on|desktop&#8221; transform_scale__hover=&#8221;105%|105%&#8221; box_shadow_blur__hover_enabled=&#8221;on|hover&#8221; box_shadow_blur__hover=&#8221;20px&#8221;][\/dsm_image_reveal][\/et_pb_column][et_pb_column type=&#8221;1_3&#8243; _builder_version=&#8221;4.9.10&#8243; _module_preset=&#8221;default&#8221; global_colors_info=&#8221;{}&#8221;][dsm_image_reveal reveal_text=&#8221;Instalaci\u00f3n de riego por goteo en olivar en la finca Tabouassite en Marruecos.&#8221; src=&#8221;https:\/\/balam.es\/pt\/wp-content\/uploads\/2021\/07\/3.png&#8221; title_text=&#8221;3&#8243; reveal_overlay_color=&#8221;rgba(46,196,182,0.77)&#8221; _builder_version=&#8221;4.9.10&#8243; _module_preset=&#8221;default&#8221; reveal_text_font=&#8221;|600|||||||&#8221; reveal_text_text_align=&#8221;center&#8221; reveal_text_font_size=&#8221;24px&#8221; link_option_url=&#8221;https:\/\/balam.es\/pt\/project\/instalacion-de-riego-por-goteo-en-olivar-en-la-finca-tabouassite-en-marruecos\/&#8221; box_shadow_style=&#8221;preset1&#8243; box_shadow_blur=&#8221;-1px&#8221; box_shadow_color=&#8221;#FFFFFF&#8221; global_colors_info=&#8221;{}&#8221; transform_styles__hover_enabled=&#8221;on|hover&#8221; transform_scale__hover_enabled=&#8221;on|hover&#8221; transform_translate__hover_enabled=&#8221;on|desktop&#8221; transform_rotate__hover_enabled=&#8221;on|desktop&#8221; transform_skew__hover_enabled=&#8221;on|desktop&#8221; transform_origin__hover_enabled=&#8221;on|desktop&#8221; transform_scale__hover=&#8221;105%|105%&#8221; box_shadow_blur__hover_enabled=&#8221;on|hover&#8221; box_shadow_blur__hover=&#8221;20px&#8221;][\/dsm_image_reveal][\/et_pb_column][\/et_pb_row][\/et_pb_section]<\/p>\n","protected":false},"excerpt":{"rendered":"<p><div class=\"et_pb_module dsm_breadcrumbs dsm_breadcrumbs_0\">\n\t\t\t\t\n\t\t\t\t\n\t\t\t\t\n\t\t\t\t\n\t\t\t\t<div class=\"et_pb_module_inner\">\n\t\t\t\t\t<nav class=\"dsm_breadcrumbs_wrap\" role=\"navigation\" itemscope=\"\" itemtype=\"http:\/\/schema.org\/SiteNavigationElement\">\n\t\t\t\t<ul class=\"dsm_breadcrumbs\">\n\t\t\t<li class='dsm_breadcrumbs_item dsm_home_item dsm_home_item_custom'>\n\t\t\t\t<a href=\"https:\/\/balam.es\/pt\" itemprop=\"url\">\n\t\t\t\t\t<span class='dsm_home_text_wrapper'>\n\t\t\t\t\t\t\t\t\t\t\t\t\t<span class=\"et-pb-icon dsm_home_icon\">&#x42;<\/span>\n\t\t\t\t\t\t\t\t\t\t\t\t\t<span class=\"dsm_home_text\" itemprop=\"name\">\n\t\t\t\t\t\t\t\tbalam.es\t\t\t\t\t\t\t<\/span>\n\t\t\t\t\t<\/span>\n\t\t\t\t<\/a>\n\t\t\t<\/li>\n\n\t\t<\/ul>\n\t\t\t<\/nav>\n\t\t\t\t<\/div>\n\t\t\t<\/div>Atrav\u00e9s do nosso departamento Balam Aqua realizamos todo o tipo de instala\u00e7\u00f5es de rega. Esta linha \u00e9 dirigida por Engenheiros Agr\u00f4nomos especializados na concep\u00e7\u00e3o e execu\u00e7\u00e3o deste tipo de projetos.Da Balam, facilitamos o trabalho do agricultor. Contando conosco, voc\u00ea pode simplificar a instala\u00e7\u00e3o de irriga\u00e7\u00e3o de [&hellip;]<\/p>\n","protected":false},"author":1,"featured_media":0,"parent":0,"menu_order":0,"comment_status":"closed","ping_status":"closed","template":"","meta":{"_et_pb_use_builder":"on","_et_pb_old_content":"<!-- wp:divi\/placeholder \/-->","_et_gb_content_width":"","footnotes":""},"class_list":["post-1923","page","type-page","status-publish","hentry"],"aioseo_notices":[],"_links":{"self":[{"href":"https:\/\/balam.es\/pt\/wp-json\/wp\/v2\/pages\/1923","targetHints":{"allow":["GET"]}}],"collection":[{"href":"https:\/\/balam.es\/pt\/wp-json\/wp\/v2\/pages"}],"about":[{"href":"https:\/\/balam.es\/pt\/wp-json\/wp\/v2\/types\/page"}],"author":[{"embeddable":true,"href":"https:\/\/balam.es\/pt\/wp-json\/wp\/v2\/users\/1"}],"replies":[{"embeddable":true,"href":"https:\/\/balam.es\/pt\/wp-json\/wp\/v2\/comments?post=1923"}],"version-history":[{"count":0,"href":"https:\/\/balam.es\/pt\/wp-json\/wp\/v2\/pages\/1923\/revisions"}],"wp:attachment":[{"href":"https:\/\/balam.es\/pt\/wp-json\/wp\/v2\/media?parent=1923"}],"curies":[{"name":"wp","href":"https:\/\/api.w.org\/{rel}","templated":true}]}}